{"id":112,"date":"2023-01-27T12:33:09","date_gmt":"2023-01-27T12:33:09","guid":{"rendered":"https:\/\/ferienwohnung-barthel.de\/?page_id=112"},"modified":"2023-07-16T13:59:54","modified_gmt":"2023-07-16T13:59:54","slug":"datenschutzerklaerung","status":"publish","type":"page","link":"https:\/\/ferienwohnung-barthel.de\/?page_id=112","title":{"rendered":"Datenschutzerkl\u00e4rung"},"content":{"rendered":"\n<h2>Datenschutz<\/h2><p>Wir informieren Sie nachfolgend gem\u00e4\u00df den gesetzlichen Vo\nrgaben des Datenschutzrechts (insb. gem\u00e4\u00df BDSG n.F. und der europ\u00e4ischen Datensc\nhutz-Grundverordnung \u201aDS-GVO\u2018) \u00fcber die Art, den Umfang und Zweck der Verarbeitu\nng personenbezogener Daten durch unser Unternehmen. Diese Datenschutzerkl\u00e4rung g\nilt auch f\u00fcr unsere Websites und Sozial-Media-Profile. Bez\u00fcglich der Definition\nvon Begriffen wie etwa \u201epersonenbezogene Daten\u201c oder \u201eVerarbeitung\u201c verweisen wi\nr auf Art. 4 DS-GVO.<\/p> <strong>Name und Kontaktdaten des \/ der Verantwortl\nichen<\/strong><br \/> Unser\/e Verantwortliche\/r (nachfolgend \u201eVerantwortliche\nr\u201c) i.S.d. Art. 4 Zif. 7 DS-GVO ist:<br \/> <br \/>Ferienwohnung Barthel<br \/>\nKnappensiedlung 2<br \/>58456 Witten Deutschland<br \/>E-Mail-Adresse: info(at)ferienwohnung-barthel.de<br \/><br \/><strong>Datenarten, Zwecke der Verarbeitung und Kategorien\nbetroffener Personen<\/strong><br \/> <p>Nachfolgend informieren wir Sie \u00fc\nber Art, Umfang und Zweck der Erhebung, Verarbeitung und Nutzung personenbezogen\ner Daten.<\/p> <strong>1. Arten der Daten, die wir verarbeiten<\/strong><br\n\/>Nutzungsdaten (Zugriffszeiten, besuchte Websites etc.), Bestandsdaten (Name,\nAdresse etc.), Kontaktdaten (Telefonnummer, E-Mail, Fax etc.), Inhaltsdaten (Tex\nteingaben, Videos, Fotos etc.), Kommunikationsdaten (IP-Adresse etc.), <br \/>\n<br \/> <strong>2. Zwecke der Verarbeitung nach Art. 13 Abs. 1 c) DS-\nGVO<\/strong><br \/>Website technisch und wirtschaftlich optimieren, Leichten Zuga\nng zur Website erm\u00f6glichen, Kontaktaufnahme bei juristischer Beanstandung durch\nDritte, Optimierung und statistische Auswertung unserer Dienste, Nutzererfahrung\nverbessern, Website benutzerfreundlich gestalten, Vermeidung von SPAM und Missb\nrauch, Kontaktanfragen abwickeln, Websites mit Funktionen und Inhalten bereitste\nllen, Ma\u00dfnahmen der Sicherheit, Unterbrechungsfreier,sicherer Betrieb unserer We\nbsite, <br \/> <br \/> <strong>3. Kategorien der betroffenen Persone\nn nach Art. 13 Abs. 1 e) DS-GVO<\/strong><br \/>Besucher\/Nutzer der Website, <br \/\n> <br \/> <p>Die betroffenen Personen werden zusammenfassend als \u201eN\nutzer\u201c bezeichnet.<\/p> <br \/> <strong>Rechtsgrundlagen der Verarbe\nitung personenbezogener Daten<\/strong> <p>Nachfolgend Informieren wir Sie\n\u00fcber die Rechtsgrundlagen der Verarbeitung personenbezogener Daten:<\/p>\n<ol style=\"margin:10px 0px; padding:15px;\"> <li>Wenn wir Ihre Einwill\nigung f\u00fcr die Verarbeitung personenbezogenen Daten eingeholt haben, ist Art. 6 A\nbs. 1 S. 1 lit. a) DS-GVO Rechtsgrundlage.<\/li> <li>Ist die Verarbeit\nung zur Erf\u00fcllung eines Vertrags oder zur Durchf\u00fchrung vorvertraglicher Ma\u00dfnahme\nn erforderlich, die auf Ihre Anfrage hin erfolgen, so ist Art. 6 Abs. 1 S. 1 lit\n. b) DS-GVO Rechtsgrundlage.<\/li> <li>Ist die Verarbeitung zur Erf\u00fcll\nung einer rechtlichen Verpflichtung erforderlich, der wir unterliegen (z.B. gese\ntzliche Aufbewahrungspflichten), so ist Art. 6 Abs. 1 S. 1 lit. c) DS-GVO Rechts\ngrundlage.<\/li> <li>Ist die Verarbeitung erforderlich, um lebenswicht\nige Interessen der betroffenen Person oder einer anderen nat\u00fcrlichen Person zu s\nch\u00fctzen, so ist Art. 6 Abs. 1 S. 1 lit. d) DS-GVO Rechtsgrundlage.<\/li>\n<li>Ist die Verarbeitung zur Wahrung unserer oder der berechtigten Interessen\neines Dritten erforderlich und \u00fcberwiegen diesbez\u00fcglich Ihre Interessen oder Gr\nundrechte und Grundfreiheiten nicht, so ist Art. 6 Abs. 1 S. 1 lit. f) DS-GVO Re\nchtsgrundlage.<\/li> <\/ol> <br \/> <strong>Weitergabe persone\nnbezogener Daten an Dritte und Auftragsverarbeiter<\/strong> <p>Ohne Ihre\nEinwilligung geben wir grunds\u00e4tzlich keine Daten an Dritte weiter. Sollte dies d\noch der Fall sein, dann erfolgt die Weitergabe auf der Grundlage der zuvor genan\nnten Rechtsgrundlagen z.B. bei der Weitergabe von Daten an Online-Paymentanbiete\nr zur Vertragserf\u00fcllung oder aufgrund gerichtlicher Anordnung oder wegen einer g\nesetzlichen Verpflichtung zur Herausgabe der Daten zum Zwecke der Strafverfolgun\ng, zur Gefahrenabwehr oder zur Durchsetzung der Rechte am geistigen Eigentum.<br\n\/> Wir setzen zudem Auftragsverarbeiter (externe Dienstleister z.B.\nzum Webhosting unserer Websites und Datenbanken) zur Verarbeitung Ihrer Daten ei\nn. Wenn im Rahmen einer Vereinbarung zur Auftragsverarbeitung an die Auftragsver\narbeiter Daten weitergegeben werden, erfolgt dies immer nach Art. 28 DS-GVO. Wir\nw\u00e4hlen dabei unsere Auftragsverarbeiter sorgf\u00e4ltig aus, kontrollieren diese reg\nelm\u00e4\u00dfig und haben uns ein Weisungsrecht hinsichtlich der Daten einr\u00e4umen lassen.\nZudem m\u00fcssen die Auftragsverarbeiter geeignete technische und organisatorische\nMa\u00dfnahmen getroffen haben und die Datenschutzvorschriften gem. BDSG n.F. und DS-\nGVO einhalten<\/p> <br \/> <strong>Daten\u00fcbermittlung in Drittstaaten\n<\/strong> <p>Durch die Verabschiedung der europ\u00e4ischen Datenschutz-Grundv\nerordnung (DS-GVO) wurde eine einheitliche Grundlage f\u00fcr den Datenschutz in Euro\npa geschaffen. Ihre Daten werden daher vorwiegend durch Unternehmen verarbeitet,\nf\u00fcr die DS-GVO Anwendung findet. Sollte doch die Verarbeitung durch Dienste Dri\ntter au\u00dferhalb der Europ\u00e4ischen Union oder des Europ\u00e4ischen Wirtschaftsraums sta\nttfinden, so m\u00fcssen diese die besonderen Voraussetzungen der Art. 44 ff. DS-GVO\nerf\u00fcllen. Das bedeutet, die Verarbeitung erfolgt aufgrund besonderer Garantien,\nwie etwa die von der EU-Kommission offiziell anerkannte Feststellung eines der E\nU entsprechenden Datenschutzniveaus oder der Beachtung offiziell anerkannter spe\nzieller vertraglicher Verpflichtungen, der so genannten \u201eStandardvertragsklausel\nn\u201c.<br \/>Soweit wir aufgrund der Unwirksamkeit des sog. \u201ePrivacy Shields\u201c, nach\nArt. 49 Abs. 1 S. 1 lit. a) DSGVO die ausdr\u00fcckliche Einwilligung in die Daten\u00fcbe\nrmittlung in die USA von Ihnen einholen, weisen wird diesbez\u00fcglich auf das Risik\no eines geheimen Zugriffs durch US-Beh\u00f6rden und die Nutzung der Daten zu \u00dcberwac\nhungszwecken, ggf. ohne Rechtsbehelfsm\u00f6glichkeiten f\u00fcr EU-B\u00fcrger, hin.<\/p>\n<br \/> <strong>L\u00f6schung von Daten und Speicherdauer<\/strong> <p>\nSofern nicht in dieser Datenschutzerkl\u00e4rung ausdr\u00fccklich angegeben, werden Ihre\npersonenbezogen Daten gel\u00f6scht oder gesperrt, sobald die zur Verarbeitung erteil\nte Einwilligung von Ihnen widerrufen wird oder der Zweck f\u00fcr die Speicherung ent\nf\u00e4llt bzw. die Daten f\u00fcr den Zweck nicht mehr erforderlich sind, es sei denn der\nen weitere Aufbewahrung ist zu Beweiszwecken erforderlich oder dem stehen gesetz\nliche Aufbewahrungspflichten entgegenstehen. Darunter fallen etwa handelsrechtli\nche Aufbewahrungspflichten von Gesch\u00e4ftsbriefen nach \u00a7 257 Abs. 1 HGB (6 Jahre)\nsowie steuerrechtliche Aufbewahrungspflichten nach \u00a7 147 Abs. 1 AO von Belegen (\n10 Jahre). Wenn die vorgeschriebene Aufbewahrungsfrist abl\u00e4uft, erfolgt eine Spe\nrrung oder L\u00f6schung Ihrer Daten, es sei denn die Speicherung ist weiterhin f\u00fcr e\ninen Vertragsabschluss oder zur Vertragserf\u00fcllung erforderlich.<\/p> <br\/>\n<strong>Bestehen einer automatisierten Entscheidungsfindung<\/strong>\n<p>Wir setzen keine automatische Entscheidungsfindung oder ein Profiling ein\n.<\/p> <br\/> <strong>Bereitstellung unserer Website und Erstellung\nvon Logfiles<\/strong> <ol style=\"margin:10px 0px; padding:15px;\">\n<li>Wenn Sie unsere Webseite lediglich informatorisch nutzen (also keine Re\ngistrierung und auch keine anderweitige \u00dcbermittlung von Informationen), erheben\nwir nur die personenbezogenen Daten, die Ihr Browser an unseren Server \u00fcbermitt\nelt. Wenn Sie unsere Website betrachten m\u00f6chten, erheben wir die folgenden Daten\n:<br \/> \u2022 IP-Adresse;<br \/> \u2022 Internet-Service-Provider de\ns Nutzers;<br \/> \u2022 Datum und Uhrzeit des Abrufs;<br \/> \u2022 B\nrowsertyp;<br \/> \u2022 Sprache und Browser-Version;<br \/> \u2022 In\nhalt des Abrufs;<br \/> \u2022 Zeitzone;<br \/> \u2022 Zugriffsstatus\/\nHTTP-Statuscode;<br \/> \u2022 Datenmenge;<br \/> \u2022 Websites, von\ndenen die Anforderung kommt;<br \/> \u2022 Betriebssystem.<br \/>\nEine Speicherung dieser Daten zusammen mit anderen personenbezogenen Daten von\nIhnen findet nicht statt.<br \/><br \/> <\/li> <li>Diese Da\nten dienen dem Zweck der nutzerfreundlichen, funktionsf\u00e4higen und sicheren Ausli\neferung unserer Website an Sie mit Funktionen und Inhalten sowie deren Optimieru\nng und statistischen Auswertung.<br \/><br \/><\/li> <li>Rechtsgrundlage\nhierf\u00fcr ist unser in den obigen Zwecken auch liegendes berechtigtes Interesse a\nn der Datenverarbeitung nach Art. 6 Abs. 1 S.1 lit. f) DS-GVO.<br \/><br \/><\/li>\n<li>Wir speichern aus Sicherheitsgr\u00fcnden diese Daten in Server-Logfi\nles f\u00fcr die Speicherdauer von Tagen. Nach Ablauf dieser Frist werden diese auto\nmatisch gel\u00f6scht, es sei denn wir ben\u00f6tigen deren Aufbewahrung zu Beweiszwecken\nbei Angriffen auf die Serverinfrastruktur oder anderen Rechtsverletzungen.<br \/>\n<\/li> <\/ol><br\/> <strong>Cookies<\/strong> <ol style=\"margin:10px 0p\nx; padding:15px;\"> <li>Wir verwenden sog. Cookies bei Ihrem Besuch unserer We\nbsite. Cookies sind kleine Textdateien, die Ihr Internet-Browser auf Ihrem Rechn\ner ablegt und speichert. Wenn Sie unsere Website erneut aufrufen, geben diese Co\nokies Informationen ab, um Sie automatisch wiederzuerkennen. Zu den Cookies z\u00e4hl\nen auch die sog. \u201eNutzer-IDs\u201c, wo Angaben der Nutzer mittels pseudonymisierter P\nrofile gespeichert werden. Wir informieren Sie dazu beim Aufruf unserer Website\nmittels eines Hinweises auf unsere Datenschutzerkl\u00e4rung \u00fcber die Verwendung von\nCookies zu den zuvor genannten Zwecken und wie Sie dieser widersprechen bzw. der\nen Speicherung verhindern k\u00f6nnen (\u201eOpt-out\u201c).<br \/><br \/> <strong>Es werden f\nolgende Cookie-Arten unterschieden:<\/strong><br \/><br \/> <strong>\u2022 Notwendige\n, essentielle Cookies:<\/strong> Essentielle Cookies sind Cookies, die zum Betrie\nb der Webseite unbedingt erforderlich sind, um bestimmte Funktionen der Webseite\nwie Logins, Warenkorb oder Nutzereingaben z.B. bzgl. Sprache der Webseite zu sp\neichern.<br \/><br \/> <strong>\u2022 Session-Cookies:<\/strong> Session-Cookies werd\nen zum Wiedererkennen mehrfacher Nutzung eines Angebots durch denselben Nutzer (\nz.B. wenn Sie sich eingeloggt haben zur Feststellung Ihres Login-Status) ben\u00f6tig\nt. Wenn Sie unsere Seite erneut aufrufen, geben diese Cookies Informationen ab,\num Sie automatisch wiederzuerkennen. Die so erlangten Informationen dienen dazu,\nunsere Angebote zu optimieren und Ihnen einen leichteren Zugang auf unsere Seit\ne zu erm\u00f6glichen. Wenn Sie den Browser schlie\u00dfen oder Sie sich ausloggen, werden\ndie Session-Cookies gel\u00f6scht.<br \/><br \/> <strong>\u2022 Persistente Cookies:<\/st\nrong> Diese Cookies bleiben auch nach dem Schlie\u00dfen des Browsers gespeichert. Si\ne dienen zur Speicherung des Logins, der Reichweitenmessung und zu Marketingzwec\nken. Diese werden automatisiert nach einer vorgegebenen Dauer gel\u00f6scht, die sich\nje nach Cookie unterscheiden kann. In den Sicherheitseinstellungen Ihres Browse\nrs k\u00f6nnen Sie die Cookies jederzeit l\u00f6schen.<br \/><br \/> <strong>\u2022 Cookies vo\nn Drittanbietern (Third-Party-Cookies insb. von Werbetreibenden):<\/strong> Entsp\nrechend Ihren W\u00fcnschen k\u00f6nnen Sie k\u00f6nnen Ihre Browser-Einstellung konfigurieren\nund z. B. Die Annahme von Third-Party-Cookies oder allen Cookies ablehnen. Wir w\neisen Sie jedoch an dieser Stelle darauf hin, dass Sie dann eventuell nicht alle\nFunktionen dieser Website nutzen k\u00f6nnen. Lesen Sie N\u00e4heres zu diesen Cookies be\ni den jeweiligen Datenschutzerkl\u00e4rungen zu den Drittanbietern.<br \/><br \/> <\/\nli> <li><strong>Datenkategorien:<\/strong> Nutzerdaten, Cookie, Nutzer-ID (inb\n. die besuchten Seiten, Ger\u00e4teinformationen, Zugriffszeiten und IP-Adressen).<br\n\/><br \/><\/li> <li><strong>Zwecke der Verarbeitung:<\/strong> Die so erlangten\nInformationen dienen dem Zweck, unsere Webangebote technisch und wirtschaftlich\nzu optimieren und Ihnen einen leichteren und sicheren Zugang auf unsere Website\nzu erm\u00f6glichen.<br \/><br \/><\/li> <li><strong>Rechtsgrundlagen:<\/strong> Wenn\nwir Ihre personenbezogenen Daten mit Hilfe von Cookies aufgrund Ihrer Einwillig\nung verarbeiten (\u201eOpt-in\u201c), dann ist Art. 6 Abs. 1 S. 1 lit. a) DSGVO die Rechts\ngrundlage. Ansonsten haben wir ein berechtigtes Interesse an der effektiven Funk\ntionalit\u00e4t, Verbesserung und wirtschaftlichen Betrieb der Website, so dass in de\nm Falle Art. 6 Abs. 1 S. 1 lit. f) DS-GVO Rechtsgrundlage ist. Rechtsgrundlage i\nst zudem Art. 6 Abs. 1 S. 1 lit. b) DS-GVO, wenn die Cookies zur Vertragsanbahnu\nng z.B. bei Bestellungen gesetzt werden.<br \/><br \/><\/li> <li><strong>Speiche\nrdauer\/ L\u00f6schung:<\/strong> Die Daten werden gel\u00f6scht, sobald sie f\u00fcr die Erreich\nung des Zweckes ihrer Erhebung nicht mehr erforderlich sind. Im Falle der Erfass\nung der Daten zur Bereitstellung der Website ist dies der Fall, wenn die jeweili\nge Session beendet ist.<br \/><br \/>Cookies werden ansonsten auf Ihrem Computer g\nespeichert und von diesem an unsere Seite \u00fcbermittelt. Daher haben Sie als Nutze\nr auch die volle Kontrolle \u00fcber die Verwendung von Cookies. Durch eine \u00c4nderung\nder Einstellungen in Ihrem Internetbrowser k\u00f6nnen Sie die \u00dcbertragung von Cookie\ns deaktivieren oder einschr\u00e4nken. Bereits gespeicherte Cookies k\u00f6nnen jederzeit\ngel\u00f6scht werden. Dies kann auch automatisiert erfolgen. Werden Cookies f\u00fcr unser\ne Website deaktiviert, k\u00f6nnen m\u00f6glicherweise nicht mehr alle Funktionen der Webs\nite vollumf\u00e4nglich genutzt werden.<br \/><br \/> <strong>Hier finden\nSie Informationen zur L&ouml;schung von Cookies nach Browsern:<\/strong><br \/><br\n\/> <strong>Chrome:<\/strong> <a href=\"https:\/\/support.google.com\/chrome\/answe\nr\/95647\" target=\"_blank\" rel=\"nofollow noopener\">https:\/\/support.google.com\/chrome\/answer\n\/95647<\/a><br \/><br \/> <strong>Safari:<\/strong> <a href=\"https:\/\/support.appl\ne.com\/de-at\/guide\/safari\/sfri11471\/mac\" target=\"_blank\" rel=\"nofollow noopener\">https:\/\/s\nupport.apple.com\/de-at\/guide\/safari\/sfri11471\/mac<\/a><br \/><br \/> <strong>Fir\nefox:<\/strong> <a href=\"https:\/\/support.mozilla.org\/de\/kb\/cookies-und-website-da\nten-in-firefox-loschen\" target=\"_blank\" rel=\"nofollow noopener\">https:\/\/support.mozilla.o\nrg\/de\/kb\/cookies-und-website-daten-in-firefox-loschen<\/a><br \/><br \/> <strong\n>Internet Explorer:<\/strong> <a href=\"https:\/\/support.microsoft.com\/de-at\/help\/1\n7442\/windows-internet-explorer-delete-manage-cookies\" target=\"_blank\" rel=\"nofol low noopener\">https:\/\/support.microsoft.com\/de-at\/help\/17442\/windows-internet-explorer-de\nlete-manage-cookies<\/a><br \/><br \/> <strong>Microsoft Edge:<\/strong> <a href=\"https:\/\/support.microsoft.com\/de-at\/help\/4027947\/windows-delete-cookies\" target=\"_blank\" rel=\"nofollow noopener\">https:\/\/support.microsoft.com\/de-at\/help\/4027947\/window\ns-delete-cookies<\/a><br \/><br \/> <\/li> <li><strong>Widerspruch und \u201eOpt\n-Out\u201c:<\/strong> Das Speichern von Cookies auf Ihrer Festplatte k\u00f6nnen Sie unabh\u00e4\nngig von einer Einwilligung oder gesetzlichen Erlaubnis allgemein verhindern, in\ndem Sie in Ihren Browser-Einstellungen \u201ekeine Cookies akzeptieren\u201c w\u00e4hlen. Dies\nkann aber eine Funktionseinschr\u00e4nkung unserer Angebote zur Folge haben. Sie k\u00f6nn\nen dem Einsatz von Cookies von Drittanbietern zu Werbezwecken \u00fcber ein sog. \u201eOpt\n-out\u201c \u00fcber diese amerikanische Website (https:\/\/optout.aboutads.info) oder diese\neurop\u00e4ische Website (http:\/\/www.youronlinechoices.com\/de\/praferenzmanagement\/)\nwidersprechen.<br \/><br \/><\/li> <\/ol><br\/> <strong>Rechte der betroffe\nnen Person<\/strong> <ol style=\"margin:10px 0px; padding:15px;\">\n<li><strong>Widerspruch oder Widerruf gegen die Verarbeitung Ihrer Daten<br \/>\n<br \/> Soweit die Verarbeitung auf Ihrer Einwilligung gem\u00e4\u00df Art.\n6 Abs. 1 S. 1 lit. a), Art. 7 DS-GVO beruht, haben Sie das Recht, die Einwilligu\nng jederzeit zu widerrufen. Die Rechtm\u00e4\u00dfigkeit der aufgrund der Einwilligung bis\nzum Widerruf erfolgten Verarbeitung wird dadurch nicht ber\u00fchrt.<br \/><br \/>\nSoweit wir die Verarbeitung Ihrer personenbezogenen Daten auf die In\nteressenabw\u00e4gung gem\u00e4\u00df Art. 6 Abs. 1 S. 1 lit. f) DS-GVO st\u00fctzen, k\u00f6nnen Sie Wid\nerspruch gegen die Verarbeitung einlegen. Dies ist der Fall, wenn die Verarbeitu\nng insbesondere nicht zur Erf\u00fcllung eines Vertrags mit Ihnen erforderlich ist, w\nas von uns jeweils bei der nachfolgenden Beschreibung der Funktionen dargestellt\nwird. Bei Aus\u00fcbung eines solchen Widerspruchs bitten wir um Darlegung der Gr\u00fcnd\ne, weshalb wir Ihre personenbezogenen Daten nicht wie von uns durchgef\u00fchrt verar\nbeiten sollten. Im Falle Ihres begr\u00fcndeten Widerspruchs pr\u00fcfen wir die Sachlage\nund werden entweder die Datenverarbeitung einstellen bzw. anpassen oder Ihnen un\nsere zwingenden schutzw\u00fcrdigen Gr\u00fcnde aufzeigen, aufgrund derer wir die Verarbei\ntung fortf\u00fchren.<br \/><br \/> Sie k\u00f6nnen der Verarbeitung Ihrer pe\nrsonenbezogenen Daten f\u00fcr Zwecke der Werbung und Datenanalyse jederzeit widerspr\nechen. Das Widerspruchsrecht k\u00f6nnen Sie kostenfrei aus\u00fcben. \u00dcber Ihren Werbewide\nrspruch k\u00f6nnen Sie uns unter folgenden Kontaktdaten informieren:<br \/><br \/>Feri\nenwohnung Barthel<br \/>Knappensiedlung 2<br \/>58456 Witten Deutschland<br \/>E-Ma\nil-Adresse: info@ferienwohnung-barthel.de<br \/><\/strong> <br \/><\/li>\n<li><strong>Recht auf Auskunft<\/strong><br \/> Sie haben das Recht, von uns\neine Best\u00e4tigung dar\u00fcber zu verlangen, ob Sie betreffende personenbezogene Date\nn verarbeitet werden. Sofern dies der Fall ist, haben Sie ein Recht auf Auskunft\n\u00fcber Ihre bei uns gespeicherten pers\u00f6nlichen Daten nach Art. 15 DS-GVO. Dies be\ninhaltet insbesondere die Auskunft \u00fcber die Verarbeitungszwecke, die Kategorie d\ner personenbezogenen Daten, die Kategorien von Empf\u00e4ngern, gegen\u00fcber denen Ihre\nDaten offengelegt wurden oder werden, die geplante Speicherdauer, die Herkunft i\nhrer Daten, sofern diese nicht direkt bei Ihnen erhoben wurden.<br \/><br \/><\/li>\n<li><strong>Recht auf Berichtigung<\/strong><br \/> Sie haben ein Recht\nauf Berichtigung unrichtiger oder auf Vervollst\u00e4ndigung richtiger Daten nach Art\n. 16 DS-GVO. <br \/><br \/> <\/li> <li><strong>Recht auf L\u00f6schung<\/str\nong><br \/> Sie haben ein Recht auf L\u00f6schung Ihrer bei uns gespeicherten Dat\nen nach Art. 17 DS-GVO, es sei denn gesetzliche oder vertraglichen Aufbewahrungs\nfristen oder andere gesetzliche Pflichten bzw. Rechte zur weiteren Speicherung s\ntehen dieser entgegen. <br \/><br \/> <\/li> <li><strong>Recht auf Ein\nschr\u00e4nkung<\/strong><br \/> Sie haben das Recht, eine Einschr\u00e4nkung bei der V\nerarbeitung Ihrer personenbezogenen Daten zu verlangen, wenn eine der Voraussetz\nungen in Art. 18 Abs. 1 lit. a) bis d) DS-GVO erf\u00fcllt ist:<br \/> \u2022 Wenn Sie\ndie Richtigkeit der Sie betreffenden personenbezogenen f\u00fcr eine Dauer bestreite\nn, die es dem Verantwortlichen erm\u00f6glicht, die Richtigkeit der personenbezogenen\nDaten zu \u00fcberpr\u00fcfen;<br \/><br \/> \u2022 die Verarbeitung unrechtm\u00e4\u00dfig ist und S\nie die L\u00f6schung der personenbezogenen Daten ablehnen und stattdessen die Einschr\n\u00e4nkung der Nutzung der personenbezogenen Daten verlangen;<br \/><br \/> \u2022 der\nVerantwortliche die personenbezogenen Daten f\u00fcr die Zwecke der Verarbeitung nic\nht l\u00e4nger ben\u00f6tigt, Sie diese jedoch zur Geltendmachung, Aus\u00fcbung oder Verteidig\nung von Rechtsanspr\u00fcchen ben\u00f6tigen, oder<br \/><br \/> \u2022 wenn Sie Widerspruch\ngegen die Verarbeitung gem\u00e4\u00df Art. 21 Abs. 1 DS-GVO eingelegt haben und noch nic\nht feststeht, ob die berechtigten Gr\u00fcnde des Verantwortlichen gegen\u00fcber Ihren Gr\n\u00fcnden \u00fcberwiegen.<br \/><br \/> <\/li> <li><strong>Recht auf Daten\u00fcbertragb\narkeit<\/strong><br \/> Sie haben ein Recht auf Daten\u00fcbertragbarkeit nach Art\n. 20 DS-GVO, was bedeutet, dass Sie die bei uns \u00fcber Sie gespeicherten personenb\nezogenen Daten in einem strukturierten, g\u00e4ngigen und maschinenlesbaren Format er\nhalten k\u00f6nnen oder die \u00dcbermittlung an einen anderen Verantwortlichen verlangen\nk\u00f6nnen. <br \/><br \/> <\/li> <li><strong>Recht auf Beschwerde<\/strong\n><br \/> Sie haben ein Recht auf Beschwerde bei einer Aufsichtsbeh\u00f6rde. In d\ner Regel k\u00f6nnen Sie sich hierf\u00fcr an die Aufsichtsbeh\u00f6rde insbesondere in dem Mit\ngliedstaat ihres Aufenthaltsorts, ihres Arbeitsplatzes oder des Orts des mutma\u00dfl\nichen Versto\u00dfes wenden. <br \/><br \/> <\/li> <\/ol><br\/> <strong>Da\ntensicherheit<\/strong> <p>Um alle personenbezogen Daten, die an uns \u00fcbermitt\nelt werden, zu sch\u00fctzen und um sicherzustellen, dass die Datenschutzvorschriften\nvon uns, aber auch unseren externen Dienstleistern eingehalten werden, haben wi\nr geeignete technische und organisatorische Sicherheitsma\u00dfnahmen getroffen. Desh\nalb werden unter anderem alle Daten zwischen Ihrem Browser und unserem Server \u00fcb\ner eine sichere SSL-Verbindung verschl\u00fcsselt \u00fcbertragen.<\/p> <br \/> <strong>Stand: 29.01.2023<\/strong>\n","protected":false},"excerpt":{"rendered":"<p>Datenschutz Wir informieren Sie nachfolgend gem\u00e4\u00df den gesetzlichen Vo rgaben des Datenschutzrechts (insb. gem\u00e4\u00df BDSG n.F. und der europ\u00e4ischen Datensc hutz-Grundverordnung \u201aDS-GVO\u2018) \u00fcber die Art, den Umfang und Zweck der Verarbeitu ng personenbezogener Daten durch unser Unternehmen. Diese Datenschutzerkl\u00e4rung g ilt auch f\u00fcr unsere Websites und Sozial-Media-Profile. Bez\u00fcglich der Definition von Begriffen wie etwa \u201epersonenbezogene [&hellip;]<\/p>\n","protected":false},"author":1,"featured_media":0,"parent":0,"menu_order":0,"comment_status":"closed","ping_status":"closed","template":"","meta":{"footnotes":""},"class_list":["post-112","page","type-page","status-publish","hentry","post"],"_links":{"self":[{"href":"https:\/\/ferienwohnung-barthel.de\/index.php?rest_route=\/wp\/v2\/pages\/112","targetHints":{"allow":["GET"]}}],"collection":[{"href":"https:\/\/ferienwohnung-barthel.de\/index.php?rest_route=\/wp\/v2\/pages"}],"about":[{"href":"https:\/\/ferienwohnung-barthel.de\/index.php?rest_route=\/wp\/v2\/types\/page"}],"author":[{"embeddable":true,"href":"https:\/\/ferienwohnung-barthel.de\/index.php?rest_route=\/wp\/v2\/users\/1"}],"replies":[{"embeddable":true,"href":"https:\/\/ferienwohnung-barthel.de\/index.php?rest_route=%2Fwp%2Fv2%2Fcomments&post=112"}],"version-history":[{"count":5,"href":"https:\/\/ferienwohnung-barthel.de\/index.php?rest_route=\/wp\/v2\/pages\/112\/revisions"}],"predecessor-version":[{"id":225,"href":"https:\/\/ferienwohnung-barthel.de\/index.php?rest_route=\/wp\/v2\/pages\/112\/revisions\/225"}],"wp:attachment":[{"href":"https:\/\/ferienwohnung-barthel.de\/index.php?rest_route=%2Fwp%2Fv2%2Fmedia&parent=112"}],"curies":[{"name":"wp","href":"https:\/\/api.w.org\/{rel}","templated":true}]}}