{"id":115,"date":"2023-01-27T12:34:55","date_gmt":"2023-01-27T12:34:55","guid":{"rendered":"https:\/\/ferienwohnung-barthel.de\/?page_id=115"},"modified":"2025-10-13T16:09:11","modified_gmt":"2025-10-13T16:09:11","slug":"preise","status":"publish","type":"page","link":"https:\/\/ferienwohnung-barthel.de\/?page_id=115","title":{"rendered":"Preise"},"content":{"rendered":"\n<h4 class=\"wp-block-heading has-large-font-size\"><strong>Preisinformation<\/strong><\/h4>\n\n\n\n<p class=\"has-medium-font-size\">Preise ab 4\u00a0N\u00e4chte:<br>1-2 Personen\u00a0 80,00 \u20ac<br>3 Personen\u00a0\u00a0\u00a0\u00a0\u00a0 90,00 \u20ac<br>4 Personen\u00a0 \u00a0 \u00a0100,00 \u20ac<br>5 Personen \u00a0 \u00a0 110,00 \u20ac<br>6 Personen \u00a0\u00a0  120,00 \u20ac<\/p>\n\n\n\n<p class=\"has-medium-font-size\">Kinder unter vier Jahren \u00fcbernachten kostenfrei.<\/p>\n\n\n\n<p class=\"has-medium-font-size\">Bei einem Aufenthalt von weniger als vier N\u00e4chten ggf. abweichende Preise.<br><br><strong>Allgemeine Gesch\u00e4ftsbedingungen<\/strong><br><br>Die Buchung der jeweiligen Leistung mit anschlie\u00dfender Best\u00e4tigung stellt einen wirksamen Vertrag zwischen dem&nbsp;angef\u00fchrten Veranstalter und dem Buchenden dar.<\/p>\n\n\n\n<h4 class=\"wp-block-heading\"><strong>Die gesamte Zahlungsabwicklung erfolgt ausschlie\u00dflich zwischen dem Veranstalter und dem Gast. Der&nbsp;Veranstalter\/Leistungstr\u00e4ger kann nach erfolgter Buchungsbest\u00e4tigung eine Anzahlung in H\u00f6he von 10% des Gesamtpreises&nbsp;verlangen.<\/strong><\/h4>\n\n\n\n<h4 class=\"wp-block-heading\">Stornobedingungen:<\/h4>\n\n\n\n<h4 class=\"wp-block-heading\">(Berechnungsgrundlage: Gesamtreisepreis, Tage vor Reisebeginn)<br><br>bis 31. Tag: 50%<br>bis 7. Tag: 70%<br>danach und bei Nichtanreise: 100%<\/h4>\n\n\n\n<p class=\"has-medium-font-size\">Mit Buchung der Ferienwohnung werden diese Allgemeinen Gesch\u00e4ftsbedingungen anerkannt.<\/p>\n","protected":false},"excerpt":{"rendered":"<p>Preisinformation Preise ab 4\u00a0N\u00e4chte:1-2 Personen\u00a0 80,00 \u20ac3 Personen\u00a0\u00a0\u00a0\u00a0\u00a0 90,00 \u20ac4 Personen\u00a0 \u00a0 \u00a0100,00 \u20ac5 Personen \u00a0 \u00a0 110,00 \u20ac6 Personen \u00a0\u00a0 120,00 \u20ac Kinder unter vier Jahren \u00fcbernachten kostenfrei. Bei einem Aufenthalt von weniger als vier N\u00e4chten ggf. abweichende Preise. Allgemeine Gesch\u00e4ftsbedingungen Die Buchung der jeweiligen Leistung mit anschlie\u00dfender Best\u00e4tigung stellt einen wirksamen Vertrag zwischen [&hellip;]<\/p>\n","protected":false},"author":1,"featured_media":0,"parent":0,"menu_order":0,"comment_status":"closed","ping_status":"closed","template":"","meta":{"footnotes":""},"class_list":["post-115","page","type-page","status-publish","hentry","post"],"_links":{"self":[{"href":"https:\/\/ferienwohnung-barthel.de\/index.php?rest_route=\/wp\/v2\/pages\/115","targetHints":{"allow":["GET"]}}],"collection":[{"href":"https:\/\/ferienwohnung-barthel.de\/index.php?rest_route=\/wp\/v2\/pages"}],"about":[{"href":"https:\/\/ferienwohnung-barthel.de\/index.php?rest_route=\/wp\/v2\/types\/page"}],"author":[{"embeddable":true,"href":"https:\/\/ferienwohnung-barthel.de\/index.php?rest_route=\/wp\/v2\/users\/1"}],"replies":[{"embeddable":true,"href":"https:\/\/ferienwohnung-barthel.de\/index.php?rest_route=%2Fwp%2Fv2%2Fcomments&post=115"}],"version-history":[{"count":12,"href":"https:\/\/ferienwohnung-barthel.de\/index.php?rest_route=\/wp\/v2\/pages\/115\/revisions"}],"predecessor-version":[{"id":338,"href":"https:\/\/ferienwohnung-barthel.de\/index.php?rest_route=\/wp\/v2\/pages\/115\/revisions\/338"}],"wp:attachment":[{"href":"https:\/\/ferienwohnung-barthel.de\/index.php?rest_route=%2Fwp%2Fv2%2Fmedia&parent=115"}],"curies":[{"name":"wp","href":"https:\/\/api.w.org\/{rel}","templated":true}]}}