{"id":12,"date":"2023-01-26T09:39:30","date_gmt":"2023-01-26T09:39:30","guid":{"rendered":"https:\/\/ferienwohnung-barthel.de\/?page_id=12"},"modified":"2023-01-27T12:04:19","modified_gmt":"2023-01-27T12:04:19","slug":"startseite","status":"publish","type":"page","link":"https:\/\/ferienwohnung-barthel.de\/","title":{"rendered":"Startseite"},"content":{"rendered":"<div class=\"n2-section-smartslider fitvidsignore  n2_clear\" data-ssid=\"2\"><div id=\"n2-ss-2-align\" class=\"n2-ss-align\"><div class=\"n2-padding\"><div id=\"n2-ss-2\" data-creator=\"Smart Slider 3\" data-responsive=\"auto\" class=\"n2-ss-slider n2-ow n2-has-hover n2notransition  \">\n\n\n\n<div class=\"n2-ss-slider-wrapper-inside\">\n        <div class=\"n2-ss-slider-1 n2_ss__touch_element n2-ow\">\n            <div class=\"n2-ss-slider-2 n2-ow\">\n                                                    <div class=\"n2-ss-background-animation n2-ow\"><\/div>\n                                <div class=\"n2-ss-slider-3 n2-ow\">\n\n                    <div class=\"n2-ss-slide-backgrounds n2-ow-all\"><div class=\"n2-ss-slide-background\" data-public-id=\"1\" data-mode=\"fit\"><div class=\"n2-ss-slide-background-image\" data-blur=\"0\" data-opacity=\"100\" data-x=\"50\" data-y=\"50\" data-alt=\"\" data-title=\"\"><picture class=\"skip-lazy\" data-skip-lazy=\"1\"><img decoding=\"async\" src=\"\/\/ferienwohnung-barthel.de\/wp-content\/uploads\/slider2\/sterneschild.jpeg\" alt=\"\" title=\"\" loading=\"lazy\" class=\"skip-lazy\" data-skip-lazy=\"1\"><\/picture><\/div><div data-color=\"RGBA(255,255,255,0)\" style=\"background-color: RGBA(255,255,255,0);\" class=\"n2-ss-slide-background-color\"><\/div><\/div><div class=\"n2-ss-slide-background\" data-public-id=\"2\" data-mode=\"fit\" aria-hidden=\"true\"><div class=\"n2-ss-slide-background-image\" data-blur=\"0\" data-opacity=\"100\" data-x=\"50\" data-y=\"50\" data-alt=\"\" data-title=\"\"><picture class=\"skip-lazy\" data-skip-lazy=\"1\"><img decoding=\"async\" src=\"\/\/ferienwohnung-barthel.de\/wp-content\/uploads\/slider2\/29.jpeg\" alt=\"\" title=\"\" loading=\"lazy\" class=\"skip-lazy\" data-skip-lazy=\"1\"><\/picture><\/div><div data-color=\"RGBA(255,255,255,0)\" style=\"background-color: RGBA(255,255,255,0);\" class=\"n2-ss-slide-background-color\"><\/div><\/div><div class=\"n2-ss-slide-background\" data-public-id=\"3\" data-mode=\"fit\" aria-hidden=\"true\"><div class=\"n2-ss-slide-background-image\" data-blur=\"0\" data-opacity=\"100\" data-x=\"50\" data-y=\"50\" data-alt=\"\" data-title=\"\"><picture class=\"skip-lazy\" data-skip-lazy=\"1\"><img decoding=\"async\" src=\"\/\/ferienwohnung-barthel.de\/wp-content\/uploads\/slider2\/4.jpeg\" alt=\"\" title=\"\" loading=\"lazy\" class=\"skip-lazy\" data-skip-lazy=\"1\"><\/picture><\/div><div data-color=\"RGBA(255,255,255,0)\" style=\"background-color: RGBA(255,255,255,0);\" class=\"n2-ss-slide-background-color\"><\/div><\/div><div class=\"n2-ss-slide-background\" data-public-id=\"4\" data-mode=\"fit\" aria-hidden=\"true\"><div class=\"n2-ss-slide-background-image\" data-blur=\"0\" data-opacity=\"100\" data-x=\"50\" data-y=\"50\" data-alt=\"\" data-title=\"\"><picture class=\"skip-lazy\" data-skip-lazy=\"1\"><img decoding=\"async\" src=\"\/\/ferienwohnung-barthel.de\/wp-content\/uploads\/2023\/02\/20230213_155913-scaled.jpg\" alt=\"\" title=\"\" loading=\"lazy\" class=\"skip-lazy\" data-skip-lazy=\"1\"><\/picture><\/div><div data-color=\"RGBA(255,255,255,0)\" style=\"background-color: RGBA(255,255,255,0);\" class=\"n2-ss-slide-background-color\"><\/div><\/div><div class=\"n2-ss-slide-background\" data-public-id=\"5\" data-mode=\"fit\" aria-hidden=\"true\"><div class=\"n2-ss-slide-background-image\" data-blur=\"0\" data-opacity=\"100\" data-x=\"50\" data-y=\"50\" data-alt=\"\" data-title=\"\"><picture class=\"skip-lazy\" data-skip-lazy=\"1\"><img decoding=\"async\" src=\"\/\/ferienwohnung-barthel.de\/wp-content\/uploads\/2023\/02\/20230213_161021-scaled.jpg\" alt=\"\" title=\"\" loading=\"lazy\" class=\"skip-lazy\" data-skip-lazy=\"1\"><\/picture><\/div><div data-color=\"RGBA(255,255,255,0)\" style=\"background-color: RGBA(255,255,255,0);\" class=\"n2-ss-slide-background-color\"><\/div><\/div><div class=\"n2-ss-slide-background\" data-public-id=\"6\" data-mode=\"fit\" aria-hidden=\"true\"><div class=\"n2-ss-slide-background-image\" data-blur=\"0\" data-opacity=\"100\" data-x=\"50\" data-y=\"50\" data-alt=\"\" data-title=\"\"><picture class=\"skip-lazy\" data-skip-lazy=\"1\"><img decoding=\"async\" src=\"\/\/ferienwohnung-barthel.de\/wp-content\/uploads\/2023\/02\/20230213_160537-scaled.jpg\" alt=\"\" title=\"\" loading=\"lazy\" class=\"skip-lazy\" data-skip-lazy=\"1\"><\/picture><\/div><div data-color=\"RGBA(255,255,255,0)\" style=\"background-color: RGBA(255,255,255,0);\" class=\"n2-ss-slide-background-color\"><\/div><\/div><div class=\"n2-ss-slide-background\" data-public-id=\"7\" data-mode=\"fit\" aria-hidden=\"true\"><div class=\"n2-ss-slide-background-image\" data-blur=\"0\" data-opacity=\"100\" data-x=\"50\" data-y=\"50\" data-alt=\"\" data-title=\"\"><picture class=\"skip-lazy\" data-skip-lazy=\"1\"><img decoding=\"async\" src=\"\/\/ferienwohnung-barthel.de\/wp-content\/uploads\/2023\/02\/20230213_161101-scaled.jpg\" alt=\"\" title=\"\" loading=\"lazy\" class=\"skip-lazy\" data-skip-lazy=\"1\"><\/picture><\/div><div data-color=\"RGBA(255,255,255,0)\" style=\"background-color: RGBA(255,255,255,0);\" class=\"n2-ss-slide-background-color\"><\/div><\/div><div class=\"n2-ss-slide-background\" data-public-id=\"8\" data-mode=\"fit\" aria-hidden=\"true\"><div class=\"n2-ss-slide-background-image\" data-blur=\"0\" data-opacity=\"100\" data-x=\"50\" data-y=\"50\" data-alt=\"\" data-title=\"\"><picture class=\"skip-lazy\" data-skip-lazy=\"1\"><img decoding=\"async\" src=\"\/\/ferienwohnung-barthel.de\/wp-content\/uploads\/2023\/02\/20230213_160948-scaled.jpg\" alt=\"\" title=\"\" loading=\"lazy\" class=\"skip-lazy\" data-skip-lazy=\"1\"><\/picture><\/div><div data-color=\"RGBA(255,255,255,0)\" style=\"background-color: RGBA(255,255,255,0);\" class=\"n2-ss-slide-background-color\"><\/div><\/div><div class=\"n2-ss-slide-background\" data-public-id=\"9\" data-mode=\"fit\" aria-hidden=\"true\"><div class=\"n2-ss-slide-background-image\" data-blur=\"0\" data-opacity=\"100\" data-x=\"50\" data-y=\"50\" data-alt=\"\" data-title=\"\"><picture class=\"skip-lazy\" data-skip-lazy=\"1\"><img decoding=\"async\" src=\"\/\/ferienwohnung-barthel.de\/wp-content\/uploads\/2023\/02\/20230213_160910-scaled.jpg\" alt=\"\" title=\"\" loading=\"lazy\" class=\"skip-lazy\" data-skip-lazy=\"1\"><\/picture><\/div><div data-color=\"RGBA(255,255,255,0)\" style=\"background-color: RGBA(255,255,255,0);\" class=\"n2-ss-slide-background-color\"><\/div><\/div><div class=\"n2-ss-slide-background\" data-public-id=\"10\" data-mode=\"fit\" aria-hidden=\"true\"><div class=\"n2-ss-slide-background-image\" data-blur=\"0\" data-opacity=\"100\" data-x=\"50\" data-y=\"50\" data-alt=\"\" data-title=\"\"><picture class=\"skip-lazy\" data-skip-lazy=\"1\"><img decoding=\"async\" src=\"\/\/ferienwohnung-barthel.de\/wp-content\/uploads\/2023\/02\/20230213_160859-scaled.jpg\" alt=\"\" title=\"\" loading=\"lazy\" class=\"skip-lazy\" data-skip-lazy=\"1\"><\/picture><\/div><div data-color=\"RGBA(255,255,255,0)\" style=\"background-color: RGBA(255,255,255,0);\" class=\"n2-ss-slide-background-color\"><\/div><\/div><div class=\"n2-ss-slide-background\" data-public-id=\"11\" data-mode=\"fit\" aria-hidden=\"true\"><div class=\"n2-ss-slide-background-image\" data-blur=\"0\" data-opacity=\"100\" data-x=\"50\" data-y=\"50\" data-alt=\"\" data-title=\"\"><picture class=\"skip-lazy\" data-skip-lazy=\"1\"><img decoding=\"async\" src=\"\/\/ferienwohnung-barthel.de\/wp-content\/uploads\/2023\/02\/20230213_160841-scaled.jpg\" alt=\"\" title=\"\" loading=\"lazy\" class=\"skip-lazy\" data-skip-lazy=\"1\"><\/picture><\/div><div data-color=\"RGBA(255,255,255,0)\" style=\"background-color: RGBA(255,255,255,0);\" class=\"n2-ss-slide-background-color\"><\/div><\/div><div class=\"n2-ss-slide-background\" data-public-id=\"12\" data-mode=\"fit\" aria-hidden=\"true\"><div class=\"n2-ss-slide-background-image\" data-blur=\"0\" data-opacity=\"100\" data-x=\"50\" data-y=\"50\" data-alt=\"\" data-title=\"\"><picture class=\"skip-lazy\" data-skip-lazy=\"1\"><img decoding=\"async\" src=\"\/\/ferienwohnung-barthel.de\/wp-content\/uploads\/2023\/02\/20230213_160549-scaled.jpg\" alt=\"\" title=\"\" loading=\"lazy\" class=\"skip-lazy\" data-skip-lazy=\"1\"><\/picture><\/div><div data-color=\"RGBA(255,255,255,0)\" style=\"background-color: RGBA(255,255,255,0);\" class=\"n2-ss-slide-background-color\"><\/div><\/div><div class=\"n2-ss-slide-background\" data-public-id=\"13\" data-mode=\"fit\" aria-hidden=\"true\"><div class=\"n2-ss-slide-background-image\" data-blur=\"0\" data-opacity=\"100\" data-x=\"50\" data-y=\"50\" data-alt=\"\" data-title=\"\"><picture class=\"skip-lazy\" data-skip-lazy=\"1\"><img decoding=\"async\" src=\"\/\/ferienwohnung-barthel.de\/wp-content\/uploads\/2023\/02\/20230213_160619-scaled.jpg\" alt=\"\" title=\"\" loading=\"lazy\" class=\"skip-lazy\" data-skip-lazy=\"1\"><\/picture><\/div><div data-color=\"RGBA(255,255,255,0)\" style=\"background-color: RGBA(255,255,255,0);\" class=\"n2-ss-slide-background-color\"><\/div><\/div><div class=\"n2-ss-slide-background\" data-public-id=\"14\" data-mode=\"fit\" aria-hidden=\"true\"><div class=\"n2-ss-slide-background-image\" data-blur=\"0\" data-opacity=\"100\" data-x=\"50\" data-y=\"50\" data-alt=\"\" data-title=\"\"><picture class=\"skip-lazy\" data-skip-lazy=\"1\"><img decoding=\"async\" src=\"\/\/ferienwohnung-barthel.de\/wp-content\/uploads\/2023\/02\/20230213_160808-scaled.jpg\" alt=\"\" title=\"\" loading=\"lazy\" class=\"skip-lazy\" data-skip-lazy=\"1\"><\/picture><\/div><div data-color=\"RGBA(255,255,255,0)\" style=\"background-color: RGBA(255,255,255,0);\" class=\"n2-ss-slide-background-color\"><\/div><\/div><div class=\"n2-ss-slide-background\" data-public-id=\"15\" data-mode=\"fit\" aria-hidden=\"true\"><div class=\"n2-ss-slide-background-image\" data-blur=\"0\" data-opacity=\"100\" data-x=\"50\" data-y=\"50\" data-alt=\"\" data-title=\"\"><picture class=\"skip-lazy\" data-skip-lazy=\"1\"><img decoding=\"async\" src=\"\/\/ferienwohnung-barthel.de\/wp-content\/uploads\/2023\/02\/20230213_165543-scaled.jpg\" alt=\"\" title=\"\" loading=\"lazy\" class=\"skip-lazy\" data-skip-lazy=\"1\"><\/picture><\/div><div data-color=\"RGBA(255,255,255,0)\" style=\"background-color: RGBA(255,255,255,0);\" class=\"n2-ss-slide-background-color\"><\/div><\/div><div class=\"n2-ss-slide-background\" data-public-id=\"16\" data-mode=\"fit\" aria-hidden=\"true\"><div class=\"n2-ss-slide-background-image\" data-blur=\"0\" data-opacity=\"100\" data-x=\"50\" data-y=\"50\" data-alt=\"\" data-title=\"\"><picture class=\"skip-lazy\" data-skip-lazy=\"1\"><img decoding=\"async\" src=\"\/\/ferienwohnung-barthel.de\/wp-content\/uploads\/2023\/02\/20230213_165609-scaled-e1676322743682.jpg\" alt=\"\" title=\"\" loading=\"lazy\" class=\"skip-lazy\" data-skip-lazy=\"1\"><\/picture><\/div><div data-color=\"RGBA(255,255,255,0)\" style=\"background-color: RGBA(255,255,255,0);\" class=\"n2-ss-slide-background-color\"><\/div><\/div><div class=\"n2-ss-slide-background\" data-public-id=\"17\" data-mode=\"fit\" aria-hidden=\"true\"><div class=\"n2-ss-slide-background-image\" data-blur=\"0\" data-opacity=\"100\" data-x=\"50\" data-y=\"50\" data-alt=\"\" data-title=\"\"><picture class=\"skip-lazy\" data-skip-lazy=\"1\"><img decoding=\"async\" src=\"\/\/ferienwohnung-barthel.de\/wp-content\/uploads\/2025\/10\/1000061769-scaled.jpg\" alt=\"\" title=\"\" loading=\"lazy\" class=\"skip-lazy\" data-skip-lazy=\"1\"><\/picture><\/div><div data-color=\"RGBA(255,255,255,0)\" style=\"background-color: RGBA(255,255,255,0);\" class=\"n2-ss-slide-background-color\"><\/div><\/div><\/div>                    <div class=\"n2-ss-slider-4 n2-ow\">\n                        <svg xmlns=\"http:\/\/www.w3.org\/2000\/svg\" viewBox=\"0 0 400 400\" data-related-device=\"desktopPortrait\" class=\"n2-ow n2-ss-preserve-size n2-ss-preserve-size--slider n2-ss-slide-limiter\"><\/svg><div data-first=\"1\" data-slide-duration=\"0\" data-id=\"11\" data-slide-public-id=\"1\" data-title=\"sterneschild\" class=\"n2-ss-slide n2-ow  n2-ss-slide-11\"><div role=\"note\" class=\"n2-ss-slide--focus\" tabindex=\"-1\">sterneschild<\/div><div class=\"n2-ss-layers-container n2-ss-slide-limiter n2-ow\"><div class=\"n2-ss-layer n2-ow n-uc-U2aUQSdVs8nQ\" data-sstype=\"slide\" data-pm=\"default\"><\/div><\/div><\/div><div data-slide-duration=\"0\" data-id=\"3\" data-slide-public-id=\"2\" aria-hidden=\"true\" data-title=\"29\" class=\"n2-ss-slide n2-ow  n2-ss-slide-3\"><div role=\"note\" class=\"n2-ss-slide--focus\" tabindex=\"-1\">29<\/div><div class=\"n2-ss-layers-container n2-ss-slide-limiter n2-ow\"><div class=\"n2-ss-layer n2-ow n-uc-tqS6NKkZCjuq\" data-sstype=\"slide\" data-pm=\"default\"><\/div><\/div><\/div><div data-slide-duration=\"0\" data-id=\"4\" data-slide-public-id=\"3\" aria-hidden=\"true\" data-title=\"4\" class=\"n2-ss-slide n2-ow  n2-ss-slide-4\"><div role=\"note\" class=\"n2-ss-slide--focus\" tabindex=\"-1\">4<\/div><div class=\"n2-ss-layers-container n2-ss-slide-limiter n2-ow\"><div class=\"n2-ss-layer n2-ow n-uc-EQg9wTYeegDI\" data-sstype=\"slide\" data-pm=\"default\"><\/div><\/div><\/div><div data-slide-duration=\"0\" data-id=\"52\" data-slide-public-id=\"4\" aria-hidden=\"true\" data-title=\"20230213_155913\" class=\"n2-ss-slide n2-ow  n2-ss-slide-52\"><div role=\"note\" class=\"n2-ss-slide--focus\" tabindex=\"-1\">20230213_155913<\/div><div class=\"n2-ss-layers-container n2-ss-slide-limiter n2-ow\"><div class=\"n2-ss-layer n2-ow n-uc-EUVLy1dI4zM0\" data-sstype=\"slide\" data-pm=\"default\"><\/div><\/div><\/div><div data-slide-duration=\"0\" data-id=\"47\" data-slide-public-id=\"5\" aria-hidden=\"true\" data-title=\"20230213_161021\" class=\"n2-ss-slide n2-ow  n2-ss-slide-47\"><div role=\"note\" class=\"n2-ss-slide--focus\" tabindex=\"-1\">20230213_161021<\/div><div class=\"n2-ss-layers-container n2-ss-slide-limiter n2-ow\"><div class=\"n2-ss-layer n2-ow n-uc-E1RrKf4dg9Vc\" data-sstype=\"slide\" data-pm=\"default\"><\/div><\/div><\/div><div data-slide-duration=\"0\" data-id=\"54\" data-slide-public-id=\"6\" aria-hidden=\"true\" data-title=\"20230213_160537\" class=\"n2-ss-slide n2-ow  n2-ss-slide-54\"><div role=\"note\" class=\"n2-ss-slide--focus\" tabindex=\"-1\">20230213_160537<\/div><div class=\"n2-ss-layers-container n2-ss-slide-limiter n2-ow\"><div class=\"n2-ss-layer n2-ow n-uc-SUgujTEf4TuQ\" data-sstype=\"slide\" data-pm=\"default\"><\/div><\/div><\/div><div data-slide-duration=\"0\" data-id=\"46\" data-slide-public-id=\"7\" aria-hidden=\"true\" data-title=\"20230213_161101\" class=\"n2-ss-slide n2-ow  n2-ss-slide-46\"><div role=\"note\" class=\"n2-ss-slide--focus\" tabindex=\"-1\">20230213_161101<\/div><div class=\"n2-ss-layers-container n2-ss-slide-limiter n2-ow\"><div class=\"n2-ss-layer n2-ow n-uc-BNbWidXvlcbt\" data-sstype=\"slide\" data-pm=\"default\"><\/div><\/div><\/div><div data-slide-duration=\"0\" data-id=\"48\" data-slide-public-id=\"8\" aria-hidden=\"true\" data-title=\"20230213_160948\" class=\"n2-ss-slide n2-ow  n2-ss-slide-48\"><div role=\"note\" class=\"n2-ss-slide--focus\" tabindex=\"-1\">20230213_160948<\/div><div class=\"n2-ss-layers-container n2-ss-slide-limiter n2-ow\"><div class=\"n2-ss-layer n2-ow n-uc-Kl5bx1goRpLX\" data-sstype=\"slide\" data-pm=\"default\"><\/div><\/div><\/div><div data-slide-duration=\"0\" data-id=\"49\" data-slide-public-id=\"9\" aria-hidden=\"true\" data-title=\"20230213_160910\" class=\"n2-ss-slide n2-ow  n2-ss-slide-49\"><div role=\"note\" class=\"n2-ss-slide--focus\" tabindex=\"-1\">20230213_160910<\/div><div class=\"n2-ss-layers-container n2-ss-slide-limiter n2-ow\"><div class=\"n2-ss-layer n2-ow n-uc-AV261eqIiMUw\" data-sstype=\"slide\" data-pm=\"default\"><\/div><\/div><\/div><div data-slide-duration=\"0\" data-id=\"50\" data-slide-public-id=\"10\" aria-hidden=\"true\" data-title=\"20230213_160859\" class=\"n2-ss-slide n2-ow  n2-ss-slide-50\"><div role=\"note\" class=\"n2-ss-slide--focus\" tabindex=\"-1\">20230213_160859<\/div><div class=\"n2-ss-layers-container n2-ss-slide-limiter n2-ow\"><div class=\"n2-ss-layer n2-ow n-uc-aTlIQY4rkUsX\" data-sstype=\"slide\" data-pm=\"default\"><\/div><\/div><\/div><div data-slide-duration=\"0\" data-id=\"51\" data-slide-public-id=\"11\" aria-hidden=\"true\" data-title=\"20230213_160841\" class=\"n2-ss-slide n2-ow  n2-ss-slide-51\"><div role=\"note\" class=\"n2-ss-slide--focus\" tabindex=\"-1\">20230213_160841<\/div><div class=\"n2-ss-layers-container n2-ss-slide-limiter n2-ow\"><div class=\"n2-ss-layer n2-ow n-uc-gawqQYt91PID\" data-sstype=\"slide\" data-pm=\"default\"><\/div><\/div><\/div><div data-slide-duration=\"0\" data-id=\"55\" data-slide-public-id=\"12\" aria-hidden=\"true\" data-title=\"20230213_160549\" class=\"n2-ss-slide n2-ow  n2-ss-slide-55\"><div role=\"note\" class=\"n2-ss-slide--focus\" tabindex=\"-1\">20230213_160549<\/div><div class=\"n2-ss-layers-container n2-ss-slide-limiter n2-ow\"><div class=\"n2-ss-layer n2-ow n-uc-jha9d2kOuoPm\" data-sstype=\"slide\" data-pm=\"default\"><\/div><\/div><\/div><div data-slide-duration=\"0\" data-id=\"56\" data-slide-public-id=\"13\" aria-hidden=\"true\" data-title=\"20230213_160619\" class=\"n2-ss-slide n2-ow  n2-ss-slide-56\"><div role=\"note\" class=\"n2-ss-slide--focus\" tabindex=\"-1\">20230213_160619<\/div><div class=\"n2-ss-layers-container n2-ss-slide-limiter n2-ow\"><div class=\"n2-ss-layer n2-ow n-uc-I74FjmvOUpcT\" data-sstype=\"slide\" data-pm=\"default\"><\/div><\/div><\/div><div data-slide-duration=\"0\" data-id=\"57\" data-slide-public-id=\"14\" aria-hidden=\"true\" data-title=\"20230213_160808\" class=\"n2-ss-slide n2-ow  n2-ss-slide-57\"><div role=\"note\" class=\"n2-ss-slide--focus\" tabindex=\"-1\">20230213_160808<\/div><div class=\"n2-ss-layers-container n2-ss-slide-limiter n2-ow\"><div class=\"n2-ss-layer n2-ow n-uc-1BfPvyQPrW7k\" data-sstype=\"slide\" data-pm=\"default\"><\/div><\/div><\/div><div data-slide-duration=\"0\" data-id=\"58\" data-slide-public-id=\"15\" aria-hidden=\"true\" data-title=\"20230213_165543\" class=\"n2-ss-slide n2-ow  n2-ss-slide-58\"><div role=\"note\" class=\"n2-ss-slide--focus\" tabindex=\"-1\">20230213_165543<\/div><div class=\"n2-ss-layers-container n2-ss-slide-limiter n2-ow\"><div class=\"n2-ss-layer n2-ow n-uc-pndkdneBXd9O\" data-sstype=\"slide\" data-pm=\"default\"><\/div><\/div><\/div><div data-slide-duration=\"0\" data-id=\"59\" data-slide-public-id=\"16\" aria-hidden=\"true\" data-title=\"20230213_165609\" class=\"n2-ss-slide n2-ow  n2-ss-slide-59\"><div role=\"note\" class=\"n2-ss-slide--focus\" tabindex=\"-1\">20230213_165609<\/div><div class=\"n2-ss-layers-container n2-ss-slide-limiter n2-ow\"><div class=\"n2-ss-layer n2-ow n-uc-nU2W8WaTbNo4\" data-sstype=\"slide\" data-pm=\"default\"><\/div><\/div><\/div><div data-slide-duration=\"0\" data-id=\"69\" data-slide-public-id=\"17\" aria-hidden=\"true\" data-title=\"1000061769\" class=\"n2-ss-slide n2-ow  n2-ss-slide-69\"><div role=\"note\" class=\"n2-ss-slide--focus\" tabindex=\"-1\">1000061769<\/div><div class=\"n2-ss-layers-container n2-ss-slide-limiter n2-ow\"><div class=\"n2-ss-layer n2-ow n-uc-InamJj5TEIwE\" data-sstype=\"slide\" data-pm=\"default\"><\/div><\/div><\/div>                    <\/div>\n\n                                    <\/div>\n            <\/div>\n        <\/div>\n        <div class=\"n2-ss-slider-controls n2-ss-slider-controls-absolute-left-center\"><div style=\"--widget-offset:15px;\" class=\"n2-ss-widget nextend-arrow n2-ow-all nextend-arrow-previous  nextend-arrow-animated-fade\" data-hide-mobileportrait=\"1\" id=\"n2-ss-2-arrow-previous\" role=\"button\" aria-label=\"previous arrow\" tabindex=\"0\"><img loading=\"lazy\" decoding=\"async\" width=\"32\" height=\"32\" class=\"skip-lazy\" data-skip-lazy=\"1\" src=\"data:image\/svg+xml;base64,PHN2ZyB3aWR0aD0iMzIiIGhlaWdodD0iMzIiIHZpZXdCb3g9IjAgMCAzMiAzMiIgeG1sbnM9Imh0dHA6Ly93d3cudzMub3JnLzIwMDAvc3ZnIj4KICAgIDxwYXRoIGQ9Ik0xMS40MzMgMTUuOTkyTDIyLjY5IDUuNzEyYy4zOTMtLjM5LjM5My0xLjAzIDAtMS40Mi0uMzkzLS4zOS0xLjAzLS4zOS0xLjQyMyAwbC0xMS45OCAxMC45NGMtLjIxLjIxLS4zLjQ5LS4yODUuNzYtLjAxNS4yOC4wNzUuNTYuMjg0Ljc3bDExLjk4IDEwLjk0Yy4zOTMuMzkgMS4wMy4zOSAxLjQyNCAwIC4zOTMtLjQuMzkzLTEuMDMgMC0xLjQybC0xMS4yNTctMTAuMjkiCiAgICAgICAgICBmaWxsPSIjYmI0YTI4IiBvcGFjaXR5PSIxIiBmaWxsLXJ1bGU9ImV2ZW5vZGQiLz4KPC9zdmc+\" alt=\"previous arrow\"><\/div><\/div><div class=\"n2-ss-slider-controls n2-ss-slider-controls-absolute-right-center\"><div style=\"--widget-offset:15px;\" class=\"n2-ss-widget nextend-arrow n2-ow-all nextend-arrow-next  nextend-arrow-animated-fade\" data-hide-mobileportrait=\"1\" id=\"n2-ss-2-arrow-next\" role=\"button\" aria-label=\"next arrow\" tabindex=\"0\"><img loading=\"lazy\" decoding=\"async\" width=\"32\" height=\"32\" class=\"skip-lazy\" data-skip-lazy=\"1\" src=\"data:image\/svg+xml;base64,PHN2ZyB3aWR0aD0iMzIiIGhlaWdodD0iMzIiIHZpZXdCb3g9IjAgMCAzMiAzMiIgeG1sbnM9Imh0dHA6Ly93d3cudzMub3JnLzIwMDAvc3ZnIj4KICAgIDxwYXRoIGQ9Ik0xMC43MjIgNC4yOTNjLS4zOTQtLjM5LTEuMDMyLS4zOS0xLjQyNyAwLS4zOTMuMzktLjM5MyAxLjAzIDAgMS40MmwxMS4yODMgMTAuMjgtMTEuMjgzIDEwLjI5Yy0uMzkzLjM5LS4zOTMgMS4wMiAwIDEuNDIuMzk1LjM5IDEuMDMzLjM5IDEuNDI3IDBsMTIuMDA3LTEwLjk0Yy4yMS0uMjEuMy0uNDkuMjg0LS43Ny4wMTQtLjI3LS4wNzYtLjU1LS4yODYtLjc2TDEwLjcyIDQuMjkzeiIKICAgICAgICAgIGZpbGw9IiNiYjRhMjgiIG9wYWNpdHk9IjEiIGZpbGwtcnVsZT0iZXZlbm9kZCIvPgo8L3N2Zz4=\" alt=\"next arrow\"><\/div><\/div><div class=\"n2-ss-slider-controls n2-ss-slider-controls-absolute-center-bottom\"><div style=\"--widget-offset:10px;\" class=\"n2-ss-widget n2-ss-control-bullet n2-ow-all n2-ss-control-bullet-horizontal\"><div class=\" nextend-bullet-bar n2-bar-justify-content-center\" role=\"group\" aria-label=\"Choose slide to display.\"><div class=\"n2-bullet n2-style-10b23449092e5926e18e1a3a3abc3898-dot \" style=\"visibility:hidden;\"><\/div><\/div><\/div><\/div><\/div><\/div><ss3-loader><\/ss3-loader><\/div><\/div><div class=\"n2_clear\"><\/div><\/div>\n\n\n<div class=\"wp-block-columns are-vertically-aligned-center container is-layout-flex wp-container-core-columns-is-layout-9d6595d7 wp-block-columns-is-layout-flex\">\n<div class=\"wp-block-column is-vertically-aligned-center col-md-6 col-md-offset1 has-medium-font-size is-layout-flow wp-block-column-is-layout-flow\">\n<p class=\"has-medium-font-size\">Freuen Sie sich auf eine gro\u00dfz\u00fcgige helle Doppelhaush\u00e4lfte in Witten &#8211; Herbede, f\u00fcr maximal 6 Personen und Kinder, nahe des Kemnader Stausees. Die Wohnung ist 90m\u00b2 gro\u00df, neu und modern eingerichtet.<\/p>\n\n\n\n<p class=\"has-medium-font-size\">Sie verf\u00fcgt \u00fcber eine vollausgestattete Einbauk\u00fcche mit Herd, Backofen, Sp\u00fclmaschine, Wasserkocher, Mikrowelle, K\u00fchlschrank mit Eisfach, Kaffeemaschine und Toaster. Ausreichend Geschirr, Besteck und T\u00f6pfe sind vorhanden.<\/p>\n\n\n\n<p class=\"has-medium-font-size\">Weiterhin befindet sich im Erdgeschoss ein ger\u00e4umiges Wohn-Ess-Zimmer mit Ausgang zur Terrasse, sowie G\u00e4ste-WC. Das Badezimmer inkl. Dusche und Badewanne befindet sich im Obergeschoss. Auf dieser Etage sind zwei Schlafr\u00e4ume, getrennt von Wohn- und Essbereich. Ein Schlafzimmer ist mit Doppelbett sowie einem zweiten Flachbild-Fernseher (inkl. DVD) ausgestattet, das andere mit zwei Einzelbetten. Ein weiteres Schlafzimmer mit ebenfalls zwei Einzelbetten befindet sich im Kellergeschoss. Bettw\u00e4sche und Handt\u00fccher sind vorhanden. Die Betten sind bereits f\u00fcr Sie bezogen. Auf Wunsch stellen wir gerne zus\u00e4tzliche Kissen und Decken bereit.<\/p>\n\n\n\n<p class=\"has-medium-font-size\">Neben der Ferienwohnung befindet sich ein Parkplatz (Stellm\u00f6glichkeit f\u00fcr zwei Fahrzeuge). Die Wohnung ist eine Nichtraucherwohnung. Ein Aschenbecher steht nur auf der Terrasse zur Verf\u00fcgung.<\/p>\n\n\n\n<p><strong>Weitere Details\/Angebote:<\/strong><\/p>\n\n\n\n<ul class=\"wp-block-list\">\n<li>kostenloser Zugang zum Internet \u00fcber W-Lan<\/li>\n\n\n\n<li>Grill, Terrassenm\u00f6bel incl. Auflagen<\/li>\n\n\n\n<li>drei Fahrr\u00e4der sowie Stellm\u00f6glichkeit f\u00fcr diese<\/li>\n\n\n\n<li>Kinderreisebett und Hochstuhl<\/li>\n\n\n\n<li>Kinder Treppenschutzgitter<\/li>\n\n\n\n<li>Safe<\/li>\n\n\n\n<li>Hauswirtschafts-\/Abstellraum<\/li>\n<\/ul>\n\n\n\n<p class=\"has-large-font-size\"><strong>Bei Fragen helfen wir Ihnen gern. Wir freuen uns auf Ihre Anfrage.<\/strong><\/p>\n<\/div>\n<\/div>\n","protected":false},"excerpt":{"rendered":"<p>Freuen Sie sich auf eine gro\u00dfz\u00fcgige helle Doppelhaush\u00e4lfte in Witten &#8211; Herbede, f\u00fcr maximal 6 Personen und Kinder, nahe des Kemnader Stausees. Die Wohnung ist 90m\u00b2 gro\u00df, neu und modern eingerichtet. Sie verf\u00fcgt \u00fcber eine vollausgestattete Einbauk\u00fcche mit Herd, Backofen, Sp\u00fclmaschine, Wasserkocher, Mikrowelle, K\u00fchlschrank mit Eisfach, Kaffeemaschine und Toaster. Ausreichend Geschirr, Besteck und T\u00f6pfe sind [&hellip;]<\/p>\n","protected":false},"author":1,"featured_media":0,"parent":0,"menu_order":0,"comment_status":"closed","ping_status":"closed","template":"","meta":{"footnotes":""},"class_list":["post-12","page","type-page","status-publish","hentry","post"],"_links":{"self":[{"href":"https:\/\/ferienwohnung-barthel.de\/index.php?rest_route=\/wp\/v2\/pages\/12","targetHints":{"allow":["GET"]}}],"collection":[{"href":"https:\/\/ferienwohnung-barthel.de\/index.php?rest_route=\/wp\/v2\/pages"}],"about":[{"href":"https:\/\/ferienwohnung-barthel.de\/index.php?rest_route=\/wp\/v2\/types\/page"}],"author":[{"embeddable":true,"href":"https:\/\/ferienwohnung-barthel.de\/index.php?rest_route=\/wp\/v2\/users\/1"}],"replies":[{"embeddable":true,"href":"https:\/\/ferienwohnung-barthel.de\/index.php?rest_route=%2Fwp%2Fv2%2Fcomments&post=12"}],"version-history":[{"count":9,"href":"https:\/\/ferienwohnung-barthel.de\/index.php?rest_route=\/wp\/v2\/pages\/12\/revisions"}],"predecessor-version":[{"id":102,"href":"https:\/\/ferienwohnung-barthel.de\/index.php?rest_route=\/wp\/v2\/pages\/12\/revisions\/102"}],"wp:attachment":[{"href":"https:\/\/ferienwohnung-barthel.de\/index.php?rest_route=%2Fwp%2Fv2%2Fmedia&parent=12"}],"curies":[{"name":"wp","href":"https:\/\/api.w.org\/{rel}","templated":true}]}}