{"id":271,"date":"2025-09-30T06:11:34","date_gmt":"2025-09-30T06:11:34","guid":{"rendered":"https:\/\/ferienwohnung-barthel.de\/?page_id=271"},"modified":"2025-10-12T14:37:56","modified_gmt":"2025-10-12T14:37:56","slug":"idee-1","status":"publish","type":"page","link":"https:\/\/ferienwohnung-barthel.de\/?page_id=271","title":{"rendered":"Idee 1"},"content":{"rendered":"<p><a href=\"https:\/\/ferienwohnung-barthel.de\/?page_id=238\">zur\u00fcck<\/a><\/p>\n<h1><strong>Idee 1<\/strong> <strong>&#8211; M\u00e4dels-Wochenende<\/strong><\/h1>\n<hr \/>\n<h4 style=\"text-align: left;\"><strong>Weinwanderung<\/strong><\/h4>\n<ul style=\"text-align: left;\">\n<li>\n<h4><strong>gepackter Rucksack mit drei leckeren Wein-Tr\u00f6pfchen<\/strong><\/h4>\n<\/li>\n<li>\n<h4><strong>K\u00e4se-Weintrauben-H\u00e4ppchen<\/strong><\/h4>\n<\/li>\n<li>\n<h4><strong>Route und Plan f\u00fcr eine Wanderung zwischen 1 bis 3. Std.<\/strong><\/h4>\n<h4><strong>(Dauer und Schwierigkeitsgrad werden ganz individuell angepasst)<\/strong><\/h4>\n<\/li>\n<\/ul>\n<h4 style=\"text-align: left;\"><strong>+ 60,00 Euro (zum gebuchten Aufenthalt)<\/strong><\/h4>\n\n\n<p><\/p>\n","protected":false},"excerpt":{"rendered":"<p>zur\u00fcck Idee 1 &#8211; M\u00e4dels-Wochenende Weinwanderung gepackter Rucksack mit drei leckeren Wein-Tr\u00f6pfchen K\u00e4se-Weintrauben-H\u00e4ppchen Route und Plan f\u00fcr eine Wanderung zwischen 1 bis 3. Std. (Dauer und Schwierigkeitsgrad werden ganz individuell angepasst) + 60,00 Euro (zum gebuchten Aufenthalt)<\/p>\n","protected":false},"author":1,"featured_media":0,"parent":0,"menu_order":0,"comment_status":"closed","ping_status":"closed","template":"","meta":{"footnotes":""},"class_list":["post-271","page","type-page","status-publish","hentry","post"],"_links":{"self":[{"href":"https:\/\/ferienwohnung-barthel.de\/index.php?rest_route=\/wp\/v2\/pages\/271","targetHints":{"allow":["GET"]}}],"collection":[{"href":"https:\/\/ferienwohnung-barthel.de\/index.php?rest_route=\/wp\/v2\/pages"}],"about":[{"href":"https:\/\/ferienwohnung-barthel.de\/index.php?rest_route=\/wp\/v2\/types\/page"}],"author":[{"embeddable":true,"href":"https:\/\/ferienwohnung-barthel.de\/index.php?rest_route=\/wp\/v2\/users\/1"}],"replies":[{"embeddable":true,"href":"https:\/\/ferienwohnung-barthel.de\/index.php?rest_route=%2Fwp%2Fv2%2Fcomments&post=271"}],"version-history":[{"count":12,"href":"https:\/\/ferienwohnung-barthel.de\/index.php?rest_route=\/wp\/v2\/pages\/271\/revisions"}],"predecessor-version":[{"id":325,"href":"https:\/\/ferienwohnung-barthel.de\/index.php?rest_route=\/wp\/v2\/pages\/271\/revisions\/325"}],"wp:attachment":[{"href":"https:\/\/ferienwohnung-barthel.de\/index.php?rest_route=%2Fwp%2Fv2%2Fmedia&parent=271"}],"curies":[{"name":"wp","href":"https:\/\/api.w.org\/{rel}","templated":true}]}}