{"id":275,"date":"2025-09-30T06:13:18","date_gmt":"2025-09-30T06:13:18","guid":{"rendered":"https:\/\/ferienwohnung-barthel.de\/?page_id=275"},"modified":"2025-10-12T14:36:22","modified_gmt":"2025-10-12T14:36:22","slug":"idee-3","status":"publish","type":"page","link":"https:\/\/ferienwohnung-barthel.de\/?page_id=275","title":{"rendered":"Idee 3"},"content":{"rendered":"<p><a href=\"https:\/\/ferienwohnung-barthel.de\/?page_id=238\">zur\u00fcck<\/a><\/p>\n<h1><strong>Idee 3 &#8211; Yoga oder Pilates im Gr\u00fcnen<\/strong><\/h1>\n<hr \/>\n<ul>\n<li>\n<h4><strong>Einfach abschalten<\/strong><\/h4>\n<\/li>\n<li>\n<h4><strong>Eine Stunde durchatmen bei Yoga oder Pilates mitten im Gr\u00fcnen<\/strong><\/h4>\n<\/li>\n<\/ul>\n<h4><strong>Preis je Teilnehmerzahl &#8211; individuelle Planung<\/strong><br \/><strong>(bei Dauer-\/Starkregen wird eine alternative R\u00e4umlichkeit angeboten)<\/strong><\/h4>\n\n\n<p><\/p>\n","protected":false},"excerpt":{"rendered":"<p>zur\u00fcck Idee 3 &#8211; Yoga oder Pilates im Gr\u00fcnen Einfach abschalten Eine Stunde durchatmen bei Yoga oder Pilates mitten im Gr\u00fcnen Preis je Teilnehmerzahl &#8211; individuelle Planung(bei Dauer-\/Starkregen wird eine alternative R\u00e4umlichkeit angeboten)<\/p>\n","protected":false},"author":1,"featured_media":0,"parent":0,"menu_order":0,"comment_status":"closed","ping_status":"closed","template":"","meta":{"footnotes":""},"class_list":["post-275","page","type-page","status-publish","hentry","post"],"_links":{"self":[{"href":"https:\/\/ferienwohnung-barthel.de\/index.php?rest_route=\/wp\/v2\/pages\/275","targetHints":{"allow":["GET"]}}],"collection":[{"href":"https:\/\/ferienwohnung-barthel.de\/index.php?rest_route=\/wp\/v2\/pages"}],"about":[{"href":"https:\/\/ferienwohnung-barthel.de\/index.php?rest_route=\/wp\/v2\/types\/page"}],"author":[{"embeddable":true,"href":"https:\/\/ferienwohnung-barthel.de\/index.php?rest_route=\/wp\/v2\/users\/1"}],"replies":[{"embeddable":true,"href":"https:\/\/ferienwohnung-barthel.de\/index.php?rest_route=%2Fwp%2Fv2%2Fcomments&post=275"}],"version-history":[{"count":8,"href":"https:\/\/ferienwohnung-barthel.de\/index.php?rest_route=\/wp\/v2\/pages\/275\/revisions"}],"predecessor-version":[{"id":323,"href":"https:\/\/ferienwohnung-barthel.de\/index.php?rest_route=\/wp\/v2\/pages\/275\/revisions\/323"}],"wp:attachment":[{"href":"https:\/\/ferienwohnung-barthel.de\/index.php?rest_route=%2Fwp%2Fv2%2Fmedia&parent=275"}],"curies":[{"name":"wp","href":"https:\/\/api.w.org\/{rel}","templated":true}]}}