{"id":72,"date":"2023-01-27T11:36:25","date_gmt":"2023-01-27T11:36:25","guid":{"rendered":"https:\/\/ferienwohnung-barthel.de\/?page_id=72"},"modified":"2025-10-22T15:59:09","modified_gmt":"2025-10-22T15:59:09","slug":"ziele-in-der-umgebung","status":"publish","type":"page","link":"https:\/\/ferienwohnung-barthel.de\/?page_id=72","title":{"rendered":"Ziele in der Umgebung"},"content":{"rendered":"\n<div class=\"wp-block-columns is-layout-flex wp-container-core-columns-is-layout-9d6595d7 wp-block-columns-is-layout-flex\">\n<div class=\"wp-block-column is-layout-flow wp-block-column-is-layout-flow\">\n<p class=\"has-large-font-size\"><strong>Restaurants<\/strong><\/p>\n\n\n\n<h3 class=\"wp-block-heading has-medium-font-size\"><a href=\"https:\/\/pino-bar.metro.bar\/?lang=de\">PINO<\/a><\/h3>\n\n\n\n<h3 class=\"wp-block-heading has-medium-font-size\"><a href=\"https:\/\/andres1726.de\/\" data-type=\"URL\" data-id=\"https:\/\/andres1726.de\/\" target=\"_blank\" rel=\"noreferrer noopener\">Andr\u00e9&#8217;s 1726<\/a><\/h3>\n\n\n\n<h3 class=\"wp-block-heading has-medium-font-size\"><a href=\"https:\/\/pfannkuchenhof.de\/\" data-type=\"URL\" data-id=\"https:\/\/pfannkuchenhof.de\/\" target=\"_blank\" rel=\"noreferrer noopener\">Pfannkuchenhof<\/a><\/h3>\n\n\n\n<h3 class=\"wp-block-heading has-medium-font-size\"><a href=\"https:\/\/placejuice.com\/pizzeria-da-franco-07bhu90\" data-type=\"URL\" data-id=\"https:\/\/placejuice.com\/pizzeria-da-franco-07bhu90\" target=\"_blank\" rel=\"noreferrer noopener\">Pizzeria da Franco<\/a><\/h3>\n\n\n\n<h3 class=\"wp-block-heading has-medium-font-size\"><a href=\"https:\/\/placejuice.com\/pizzeria-da-franco-07bhu90\" data-type=\"URL\" data-id=\"https:\/\/placejuice.com\/pizzeria-da-franco-07bhu90\" target=\"_blank\" rel=\"noreferrer noopener\"><a href=\"https:\/\/oveney.de\/\" data-type=\"URL\" data-id=\"https:\/\/kutschers-weine.de\/\" target=\"_blank\" rel=\"noreferrer noopener\">Haus Oveney<\/a><\/a><\/h3>\n\n\n\n<h3 class=\"wp-block-heading has-medium-font-size\"><a href=\"https:\/\/placejuice.com\/pizzeria-da-franco-07bhu90\" data-type=\"URL\" data-id=\"https:\/\/placejuice.com\/pizzeria-da-franco-07bhu90\" target=\"_blank\" rel=\"noreferrer noopener\"><a href=\"https:\/\/oveney.de\/\" data-type=\"URL\" data-id=\"https:\/\/kutschers-weine.de\/\" target=\"_blank\" rel=\"noreferrer noopener\"><a href=\"http:\/\/ampuett.de\/\" data-type=\"URL\" data-id=\"http:\/\/ampuett.de\/\" target=\"_blank\" rel=\"noreferrer noopener\">Gastst\u00e4tte &#8222;Am P\u00fctt&#8220;<\/a><\/a><\/a><\/h3>\n\n\n\n<h3 class=\"wp-block-heading has-medium-font-size\"><a href=\"https:\/\/placejuice.com\/pizzeria-da-franco-07bhu90\" data-type=\"URL\" data-id=\"https:\/\/placejuice.com\/pizzeria-da-franco-07bhu90\" target=\"_blank\" rel=\"noreferrer noopener\"><a href=\"https:\/\/oveney.de\/\" data-type=\"URL\" data-id=\"https:\/\/kutschers-weine.de\/\" target=\"_blank\" rel=\"noreferrer noopener\"><a href=\"https:\/\/stranddeck.de\/\">Stranddeck<\/a><\/a><\/a><\/h3>\n\n\n\n<h3 class=\"wp-block-heading has-medium-font-size\"><a href=\"https:\/\/placejuice.com\/pizzeria-da-franco-07bhu90\" data-type=\"URL\" data-id=\"https:\/\/placejuice.com\/pizzeria-da-franco-07bhu90\" target=\"_blank\" rel=\"noreferrer noopener\"><a href=\"https:\/\/oveney.de\/\" data-type=\"URL\" data-id=\"https:\/\/kutschers-weine.de\/\" target=\"_blank\" rel=\"noreferrer noopener\"><a href=\"https:\/\/www.facebook.com\/people\/Bude-128\/100057048326636\/#\">Bude 128<\/a><\/a><\/a><\/h3>\n\n\n\n<h3 class=\"wp-block-heading has-medium-font-size\"><a href=\"https:\/\/placejuice.com\/pizzeria-da-franco-07bhu90\" data-type=\"URL\" data-id=\"https:\/\/placejuice.com\/pizzeria-da-franco-07bhu90\" target=\"_blank\" rel=\"noreferrer noopener\"><a href=\"https:\/\/oveney.de\/\" data-type=\"URL\" data-id=\"https:\/\/kutschers-weine.de\/\" target=\"_blank\" rel=\"noreferrer noopener\"><a href=\"https:\/\/www.facebook.com\/Kemnade?_rdr\">ALs Dorado Kiosk<\/a><\/a><\/a><\/h3>\n\n\n\n<h3 class=\"wp-block-heading has-medium-font-size\"><a href=\"https:\/\/placejuice.com\/pizzeria-da-franco-07bhu90\" data-type=\"URL\" data-id=\"https:\/\/placejuice.com\/pizzeria-da-franco-07bhu90\" target=\"_blank\" rel=\"noreferrer noopener\"><a href=\"https:\/\/oveney.de\/\" data-type=\"URL\" data-id=\"https:\/\/kutschers-weine.de\/\" target=\"_blank\" rel=\"noreferrer noopener\"><a href=\"https:\/\/gasthausknezevic.de\/\">Knesevic<\/a><\/a><\/a><\/h3>\n<\/div>\n\n\n\n<div class=\"wp-block-column is-layout-flow wp-block-column-is-layout-flow\">\n<p class=\"has-large-font-size\"><strong>Aktivit\u00e4ten<\/strong><\/p>\n\n\n\n<h3 class=\"wp-block-heading has-medium-font-size\"><a href=\"https:\/\/placejuice.com\/pizzeria-da-franco-07bhu90\" data-type=\"URL\" data-id=\"https:\/\/placejuice.com\/pizzeria-da-franco-07bhu90\" target=\"_blank\" rel=\"noreferrer noopener\"><a href=\"https:\/\/oveney.de\/\" data-type=\"URL\" data-id=\"https:\/\/kutschers-weine.de\/\" target=\"_blank\" rel=\"noreferrer noopener\"><a href=\"https:\/\/gasthausknezevic.de\/\"><a href=\"https:\/\/www.ruhrtalradweg.de\/de\/\">Ruhrtal Radweg<\/a><\/a><\/a><\/a><\/h3>\n\n\n\n<h3 class=\"wp-block-heading has-medium-font-size\"><a href=\"https:\/\/placejuice.com\/pizzeria-da-franco-07bhu90\" data-type=\"URL\" data-id=\"https:\/\/placejuice.com\/pizzeria-da-franco-07bhu90\" target=\"_blank\" rel=\"noreferrer noopener\"><a href=\"https:\/\/oveney.de\/\" data-type=\"URL\" data-id=\"https:\/\/kutschers-weine.de\/\" target=\"_blank\" rel=\"noreferrer noopener\"><a href=\"https:\/\/gasthausknezevic.de\/\"><a href=\"https:\/\/kemnadersee.de\/\" data-type=\"URL\" data-id=\"https:\/\/kemnadersee.de\/\" target=\"_blank\" rel=\"noreferrer noopener\">Kemnader Stausee<\/a><\/a><\/a><\/a><\/h3>\n\n\n\n<h3 class=\"wp-block-heading has-medium-font-size\"><a href=\"https:\/\/placejuice.com\/pizzeria-da-franco-07bhu90\" data-type=\"URL\" data-id=\"https:\/\/placejuice.com\/pizzeria-da-franco-07bhu90\" target=\"_blank\" rel=\"noreferrer noopener\"><a href=\"https:\/\/oveney.de\/\" data-type=\"URL\" data-id=\"https:\/\/kutschers-weine.de\/\" target=\"_blank\" rel=\"noreferrer noopener\"><a href=\"https:\/\/gasthausknezevic.de\/\"><a href=\"https:\/\/schwalbe.stadtwerke-witten.de\/\">Schifffahrt auf der Ruhr (Schwalbe)<\/a><\/a><\/a><\/a><\/h3>\n\n\n\n<h3 class=\"wp-block-heading has-medium-font-size\"><a href=\"https:\/\/placejuice.com\/pizzeria-da-franco-07bhu90\" data-type=\"URL\" data-id=\"https:\/\/placejuice.com\/pizzeria-da-franco-07bhu90\" target=\"_blank\" rel=\"noreferrer noopener\"><a href=\"https:\/\/oveney.de\/\" data-type=\"URL\" data-id=\"https:\/\/kutschers-weine.de\/\" target=\"_blank\" rel=\"noreferrer noopener\"><a href=\"https:\/\/gasthausknezevic.de\/\"><a href=\"https:\/\/westufer-kemnade.de\/\">Westufer Kemnade (SUP, Surfen, Longboard)<\/a><\/a><\/a><\/a><\/h3>\n\n\n\n<h3 class=\"wp-block-heading has-medium-font-size\"><a href=\"https:\/\/placejuice.com\/pizzeria-da-franco-07bhu90\" data-type=\"URL\" data-id=\"https:\/\/placejuice.com\/pizzeria-da-franco-07bhu90\" target=\"_blank\" rel=\"noreferrer noopener\"><a href=\"https:\/\/oveney.de\/\" data-type=\"URL\" data-id=\"https:\/\/kutschers-weine.de\/\" target=\"_blank\" rel=\"noreferrer noopener\"><a href=\"https:\/\/gasthausknezevic.de\/\"><a href=\"https:\/\/freizeitbad-heveney.de\/\" data-type=\"URL\" data-id=\"https:\/\/freizeitbad-heveney.de\/\" target=\"_blank\" rel=\"noreferrer noopener\">Freizeitbad Heveney<\/a><\/a><\/a><\/a><\/h3>\n\n\n\n<h3 class=\"wp-block-heading has-medium-font-size\"><a href=\"https:\/\/placejuice.com\/pizzeria-da-franco-07bhu90\" data-type=\"URL\" data-id=\"https:\/\/placejuice.com\/pizzeria-da-franco-07bhu90\" target=\"_blank\" rel=\"noreferrer noopener\"><a href=\"https:\/\/oveney.de\/\" data-type=\"URL\" data-id=\"https:\/\/kutschers-weine.de\/\" target=\"_blank\" rel=\"noreferrer noopener\"><a href=\"https:\/\/gasthausknezevic.de\/\"><a href=\"https:\/\/kemnadersee.de\/index.php\/aktivitaeten\/bootsverleih.html\">Tretboot-\/Boot-Verleih<\/a><\/a><\/a><\/a><\/h3>\n\n\n\n<h3 class=\"wp-block-heading has-medium-font-size\"><a href=\"https:\/\/placejuice.com\/pizzeria-da-franco-07bhu90\" data-type=\"URL\" data-id=\"https:\/\/placejuice.com\/pizzeria-da-franco-07bhu90\" target=\"_blank\" rel=\"noreferrer noopener\"><a href=\"https:\/\/oveney.de\/\" data-type=\"URL\" data-id=\"https:\/\/kutschers-weine.de\/\" target=\"_blank\" rel=\"noreferrer noopener\"><a href=\"https:\/\/gasthausknezevic.de\/\"><a href=\"https:\/\/stadtmarketing-witten.de\/entdecken-erleben\/ausflugsziele\/burgruine-hardenstein\">Burgruine Hardenstein<\/a><\/a><\/a><\/a><\/h3>\n\n\n\n<h3 class=\"wp-block-heading has-medium-font-size\"><a href=\"https:\/\/placejuice.com\/pizzeria-da-franco-07bhu90\" data-type=\"URL\" data-id=\"https:\/\/placejuice.com\/pizzeria-da-franco-07bhu90\" target=\"_blank\" rel=\"noreferrer noopener\"><a href=\"https:\/\/oveney.de\/\" data-type=\"URL\" data-id=\"https:\/\/kutschers-weine.de\/\" target=\"_blank\" rel=\"noreferrer noopener\"><a href=\"https:\/\/gasthausknezevic.de\/\"><a href=\"https:\/\/stadtmarketing-witten.de\/entdecken-erleben\/ausflugsziele\/hohenstein\">Hohenstein Familienausflugsziel<\/a><\/a><\/a><\/a><\/h3>\n\n\n\n<h3 class=\"wp-block-heading has-medium-font-size\"><a href=\"https:\/\/placejuice.com\/pizzeria-da-franco-07bhu90\" data-type=\"URL\" data-id=\"https:\/\/placejuice.com\/pizzeria-da-franco-07bhu90\" target=\"_blank\" rel=\"noreferrer noopener\"><a href=\"https:\/\/oveney.de\/\" data-type=\"URL\" data-id=\"https:\/\/kutschers-weine.de\/\" target=\"_blank\" rel=\"noreferrer noopener\"><a href=\"https:\/\/gasthausknezevic.de\/\"><a href=\"https:\/\/www.hausherbede.de\/\">Haus Herbede<\/a><\/a><\/a><\/a><\/h3>\n\n\n\n<h3 class=\"wp-block-heading has-medium-font-size\"><a href=\"https:\/\/placejuice.com\/pizzeria-da-franco-07bhu90\" data-type=\"URL\" data-id=\"https:\/\/placejuice.com\/pizzeria-da-franco-07bhu90\" target=\"_blank\" rel=\"noreferrer noopener\"><a href=\"https:\/\/oveney.de\/\" data-type=\"URL\" data-id=\"https:\/\/kutschers-weine.de\/\" target=\"_blank\" rel=\"noreferrer noopener\"><a href=\"https:\/\/gasthausknezevic.de\/\"><a href=\"https:\/\/www.hausherbede.de\/\"><a href=\"https:\/\/burgblankenstein.de\/\">Burg Blankenstein<\/a><\/a><\/a><\/a><\/a><\/h3>\n\n\n\n<h3 class=\"wp-block-heading has-medium-font-size\"><a href=\"https:\/\/placejuice.com\/pizzeria-da-franco-07bhu90\" data-type=\"URL\" data-id=\"https:\/\/placejuice.com\/pizzeria-da-franco-07bhu90\" target=\"_blank\" rel=\"noreferrer noopener\"><a href=\"https:\/\/oveney.de\/\" data-type=\"URL\" data-id=\"https:\/\/kutschers-weine.de\/\" target=\"_blank\" rel=\"noreferrer noopener\"><a href=\"https:\/\/gasthausknezevic.de\/\"><a href=\"https:\/\/www.hausherbede.de\/\"><a href=\"https:\/\/www.hattingen-tourismus.de\/entdecken\/altstadt\/\">Hattingen &#8211; historische Altstadt<\/a><\/a><\/a><\/a><\/a><\/h3>\n\n\n\n<h3 class=\"wp-block-heading has-medium-font-size\"><a href=\"https:\/\/placejuice.com\/pizzeria-da-franco-07bhu90\" data-type=\"URL\" data-id=\"https:\/\/placejuice.com\/pizzeria-da-franco-07bhu90\" target=\"_blank\" rel=\"noreferrer noopener\"><a href=\"https:\/\/oveney.de\/\" data-type=\"URL\" data-id=\"https:\/\/kutschers-weine.de\/\" target=\"_blank\" rel=\"noreferrer noopener\"><a href=\"https:\/\/gasthausknezevic.de\/\"><a href=\"https:\/\/www.hausherbede.de\/\"><a href=\"https:\/\/www.atgtickets.de\/musicals-shows\/starlight-express\/?utm_source=google&amp;utm_medium=cpc&amp;utm_id=system%3AGOOGLE.campaignid%3A21947681972.adgroupid%3A174778953807.creative%3A727698416833.keyword%3Astarlight%20express%20bochum.matchtype%3Ab.placement%3A&amp;gclsrc=aw.ds&amp;gad_source=1&amp;gad_campaignid=21947681972&amp;gbraid=0AAAAAD_sj2kXmxbScPs_Q4526vW77n0OV&amp;gclid=EAIaIQobChMI-bKbhdGhkAMV_JhQBh3I9C1xEAAYASAAEgLXmPD_BwE\">Starlight Express Musical<\/a><\/a><\/a><\/a><\/a><\/h3>\n\n\n\n<h3 class=\"wp-block-heading has-medium-font-size\"><a href=\"https:\/\/placejuice.com\/pizzeria-da-franco-07bhu90\" data-type=\"URL\" data-id=\"https:\/\/placejuice.com\/pizzeria-da-franco-07bhu90\" target=\"_blank\" rel=\"noreferrer noopener\"><a href=\"https:\/\/oveney.de\/\" data-type=\"URL\" data-id=\"https:\/\/kutschers-weine.de\/\" target=\"_blank\" rel=\"noreferrer noopener\"><a href=\"https:\/\/gasthausknezevic.de\/\"><a href=\"https:\/\/www.hausherbede.de\/\"><a href=\"https:\/\/zeche-nachtigall.lwl.org\/de\/\">LWL Museum Zeche Nachtigall<\/a><\/a><\/a><\/a><\/a><\/h3>\n\n\n\n<h3 class=\"wp-block-heading has-medium-font-size\"><a href=\"https:\/\/placejuice.com\/pizzeria-da-franco-07bhu90\" data-type=\"URL\" data-id=\"https:\/\/placejuice.com\/pizzeria-da-franco-07bhu90\" target=\"_blank\" rel=\"noreferrer noopener\"><a href=\"https:\/\/oveney.de\/\" data-type=\"URL\" data-id=\"https:\/\/kutschers-weine.de\/\" target=\"_blank\" rel=\"noreferrer noopener\"><a href=\"https:\/\/gasthausknezevic.de\/\"><a href=\"https:\/\/www.hausherbede.de\/\"><a href=\"https:\/\/www.bergbaumuseum.de\/\">Bergbaumuseum Bochum<\/a><\/a><\/a><\/a><\/a><\/h3>\n\n\n\n<h3 class=\"wp-block-heading has-medium-font-size\"><a href=\"https:\/\/placejuice.com\/pizzeria-da-franco-07bhu90\" data-type=\"URL\" data-id=\"https:\/\/placejuice.com\/pizzeria-da-franco-07bhu90\" target=\"_blank\" rel=\"noreferrer noopener\"><a href=\"https:\/\/oveney.de\/\" data-type=\"URL\" data-id=\"https:\/\/kutschers-weine.de\/\" target=\"_blank\" rel=\"noreferrer noopener\"><a href=\"https:\/\/gasthausknezevic.de\/\"><a href=\"https:\/\/www.hausherbede.de\/\"><a href=\"https:\/\/www.bvb.de\/de\/de\/signal-iduna-park.html\">BVB 1909 Stadion Fu\u00dfball<\/a><\/a><\/a><\/a><\/a><\/h3>\n<\/div>\n<\/div>\n","protected":false},"excerpt":{"rendered":"<p>Restaurants PINO Andr\u00e9&#8217;s 1726 Pfannkuchenhof Pizzeria da Franco Haus Oveney Gastst\u00e4tte &#8222;Am P\u00fctt&#8220; Stranddeck Bude 128 ALs Dorado Kiosk Knesevic Aktivit\u00e4ten Ruhrtal Radweg Kemnader Stausee Schifffahrt auf der Ruhr (Schwalbe) Westufer Kemnade (SUP, Surfen, Longboard) Freizeitbad Heveney Tretboot-\/Boot-Verleih Burgruine Hardenstein Hohenstein Familienausflugsziel Haus Herbede Burg Blankenstein Hattingen &#8211; historische Altstadt Starlight Express Musical LWL Museum [&hellip;]<\/p>\n","protected":false},"author":1,"featured_media":0,"parent":0,"menu_order":0,"comment_status":"closed","ping_status":"closed","template":"","meta":{"footnotes":""},"class_list":["post-72","page","type-page","status-publish","hentry","post"],"_links":{"self":[{"href":"https:\/\/ferienwohnung-barthel.de\/index.php?rest_route=\/wp\/v2\/pages\/72","targetHints":{"allow":["GET"]}}],"collection":[{"href":"https:\/\/ferienwohnung-barthel.de\/index.php?rest_route=\/wp\/v2\/pages"}],"about":[{"href":"https:\/\/ferienwohnung-barthel.de\/index.php?rest_route=\/wp\/v2\/types\/page"}],"author":[{"embeddable":true,"href":"https:\/\/ferienwohnung-barthel.de\/index.php?rest_route=\/wp\/v2\/users\/1"}],"replies":[{"embeddable":true,"href":"https:\/\/ferienwohnung-barthel.de\/index.php?rest_route=%2Fwp%2Fv2%2Fcomments&post=72"}],"version-history":[{"count":33,"href":"https:\/\/ferienwohnung-barthel.de\/index.php?rest_route=\/wp\/v2\/pages\/72\/revisions"}],"predecessor-version":[{"id":355,"href":"https:\/\/ferienwohnung-barthel.de\/index.php?rest_route=\/wp\/v2\/pages\/72\/revisions\/355"}],"wp:attachment":[{"href":"https:\/\/ferienwohnung-barthel.de\/index.php?rest_route=%2Fwp%2Fv2%2Fmedia&parent=72"}],"curies":[{"name":"wp","href":"https:\/\/api.w.org\/{rel}","templated":true}]}}